{"id":83,"date":"2024-10-12T16:28:56","date_gmt":"2024-10-12T14:28:56","guid":{"rendered":"https:\/\/przedszkole-gabin.edu.pl\/?page_id=83"},"modified":"2024-11-25T23:17:27","modified_gmt":"2024-11-25T22:17:27","slug":"dlaczego-nalezy-czytac-dzieciom","status":"publish","type":"page","link":"http:\/\/przedszkole-gabin.edu.pl\/?page_id=83","title":{"rendered":"Dlaczego nale\u017cy czyta\u0107 dzieciom ?"},"content":{"rendered":"\n<p>Wsp\u00f3\u0142czesne dzieci dorastaj\u0105 w ubogim j\u0119zykowo \u015brodowisku. Kontakt z \u017cywym s\u0142owem wypar\u0142a telewizja, kt\u00f3rej narz\u0119dziem nie jest j\u0119zyk, lecz obraz. W efekcie dzieci coraz gorzej znaj\u0105 j\u0119zyk, tymczasem j\u0119zyk jest narz\u0119dziem my\u015blenia \u2013 w tym tak\u017ce matematycznego!<br>Dzieci s\u0142abo wy\u0107wiczone w u\u017cywaniu j\u0119zyka i w my\u015bleniu, pozbawione wyobra\u017ani, kt\u00f3r\u0105 telewizja wypiera, b\u0119d\u0105 mia\u0142y trudno\u015bci od pierwszych dni przedszkola i w p\u00f3\u017aniejszym \u017cyciu. Przepa\u015b\u0107 intelektualna i emocjonalna pomi\u0119dzy dzie\u0107mi, kt\u00f3rym rodzice i wychowawcy du\u017co czytaj\u0105, a dzie\u0107mi pozbawionymi takiej stymulacji, w kolejnych latach dzieci\u0144stwa narasta.<br>W dobie telewizji ochrona dzieci przed pewnymi informacjami i obrazami jest bardzo utrudniona. Nie ma mo\u017cliwo\u015bci wci\u0105\u017c kontrolowa\u0107 ilo\u015b\u0107 i tre\u015b\u0107 ogl\u0105danych przez dzieci program\u00f3w. Nie znaczy to jednak, ze nale\u017cy zrezygnowa\u0107 z ci\u0105g\u0142ego zabiegania o zwyczajn\u0105 rozmow\u0119 z dzieckiem na temat tego, co dzi\u015b robi\u0142o ogl\u0105da\u0142o, gdy\u017c\u2026<\/p>\n\n\n\n<p><br><strong>Skutki nadmiernego ogl\u0105dania telewizji przez dzieci:<\/strong><\/p>\n\n\n\n<ol class=\"wp-block-list\">\n<li>Nieumiej\u0119tno\u015b\u0107 my\u015blenia (ogl\u0105danie tv zmienia fizyczn\u0105 struktur\u0119 m\u00f3zgu dziecka); zanik wyobra\u017ani, nieumiej\u0119tno\u015b\u0107 przewidywania konsekwencji \u2013 w telewizji wa\u017cne jest tylko tu i teraz.<\/li>\n\n\n\n<li>Trudno\u015b\u0107 z koncentracj\u0105 (wartki potok obraz\u00f3w tv uszkadza zdolno\u015b\u0107 skupienia uwagi).<\/li>\n\n\n\n<li>Lenistwo umys\u0142owe, nawyk biernej i bezkrytycznej konsumpcji produkt\u00f3w masowej kultury.<\/li>\n\n\n\n<li>Obni\u017cenie wynik\u00f3w w nauce.<\/li>\n\n\n\n<li>Postawa \u017cyciowa: niecierpliwo\u015b\u0107, potrzeba ci\u0105g\u0142ej zewn\u0119trznej stymulacji, nieustanne oczekiwanie rozrywki oraz gratyfikacji bez pracy i wysi\u0142ku (\u0142atwe konkursy z wysokimi nagrodami), szybkie popadanie w nud\u0119.<\/li>\n\n\n\n<li>Niezadowolenie z posiadanych rzeczy (podsycane celowo przez reklamy).<\/li>\n\n\n\n<li>Zanik wra\u017cliwo\u015bci, znieczulenie na cudzy b\u00f3l i krzywd\u0119 w realnym \u017cyciu.<\/li>\n\n\n\n<li>L\u0119k, niepok\u00f3j, nieufno\u015b\u0107, pesymizm, cynizm, demoralizacja, agresja.<\/li>\n\n\n\n<li>Ograniczenie kontakt\u00f3w z r\u00f3wie\u015bnikami, pogorszenie stosunk\u00f3w z cz\u0142onkami rodziny.<\/li>\n\n\n\n<li>Obni\u017cenie umiej\u0119tno\u015bci spo\u0142ecznych i wska\u017anik\u00f3w inteligencji emocjonalnej.<\/li>\n\n\n\n<li>Brak czasu i ch\u0119ci na inne zaj\u0119cia (sport, czytanie, w\u0142asna tw\u00f3rczo\u015b\u0107, rozmowy).<\/li>\n<\/ol>\n\n\n\n<p><br>Ameryka\u0144ska Akademia Pediatr\u00f3w zaleca rodzicom, by dzieci do 2 roku \u017cycia w og\u00f3le nie ogl\u0105da\u0142y telewizji, a dzieci starsze i nastolatki, by nie korzysta\u0142y d\u0142u\u017cej ni\u017c 1-2 godziny dziennie z telewizji i komputera \u0142\u0105cznie.<br>Dlatego warto wr\u00f3ci\u0107 do starych, dobrych sposob\u00f3w sp\u0119dzania wolnego czasu. Warto czyta\u0107! Badania naukowe potwierdzaj\u0105, \u017ce codzienne czytanie dziecku dla przyjemno\u015bci:<\/p>\n\n\n\n<ul class=\"wp-block-list\">\n<li>buduje mocn\u0105 wi\u0119\u017a mi\u0119dzy doros\u0142ym i dzieckiem<\/li>\n\n\n\n<li>zapewnia emocjonalny rozw\u00f3j dziecka<\/li>\n\n\n\n<li>rozwija j\u0119zyk, pami\u0119\u0107 i wyobra\u017ani\u0119<\/li>\n\n\n\n<li>uczy my\u015blenia, poprawia koncentracj\u0119<\/li>\n\n\n\n<li>wzmacnia poczucie w\u0142asnej warto\u015bci dziecka<\/li>\n\n\n\n<li>poszerza wiedz\u0119 og\u00f3ln\u0105<\/li>\n\n\n\n<li>u\u0142atwia nauk\u0119, pomaga odnie\u015b\u0107 sukces w przedszkolu, a potem w szkole<\/li>\n\n\n\n<li>uczy warto\u015bci moralnych, pomaga w wychowaniu<\/li>\n\n\n\n<li>zapobiega uzale\u017cnieniu od telewizji i komputer\u00f3w<\/li>\n\n\n\n<li>chroni przed zagro\u017ceniami ze strony masowej kultury<\/li>\n\n\n\n<li>kszta\u0142tuje nawyk czytania i zdobywania wiedzy na ca\u0142e \u017cycie<\/li>\n<\/ul>\n\n\n\n<p><br><strong>DLATEGO CZYTAJ DZIECKU 20 MINUT DZIENNIE \u2013 CODZIENNIE!<\/strong><\/p>\n\n\n\n<p><br>Codzienne czytanie dziecku dla przyjemno\u015bci jest najskuteczniejsz\u0105 metod\u0105 wychowania czytelnika \u2013 cz\u0142owieka samodzielnie my\u015bl\u0105cego, posiadaj\u0105cego wiedze i umiej\u0119tno\u015b\u0107 jej poszerzania, kulturalnego, etycznego, z wyobra\u017ani\u0105, kt\u00f3ry umie radzi\u0107 sobie w \u017cyciu przy pomocy rozumu, a nie pi\u0119\u015bci.<br>Przedszkole mo\u017ce i powinno uzupe\u0142nia\u0107 domowe czytanie, lecz nie zast\u0105pi na pewno czytania w domu przez rodzic\u00f3w. Te par\u0119 minut sp\u0119dzonych z dzieckiem podczas s\u0142uchania przez niego ksi\u0105\u017cki opr\u00f3cz kszta\u0142towania w nim wra\u017cliwo\u015bci, wyobra\u017ani, mowy daje tak\u017ce mo\u017cliwo\u015b\u0107 pog\u0142\u0119biania si\u0119 wi\u0119zi mi\u0119dzy rodzicem a dzieckiem. Je\u015bli my, doro\u015bli teraz znajdziemy czas dla dziecka, to potem ono znajdzie go dla nas.<\/p>\n","protected":false},"excerpt":{"rendered":"<p>Wsp\u00f3\u0142czesne dzieci dorastaj\u0105 w ubogim j\u0119zykowo \u015brodowisku. Kontakt z \u017cywym s\u0142owem wypar\u0142a telewizja, kt\u00f3rej narz\u0119dziem nie jest j\u0119zyk, lecz obraz. W efekcie dzieci coraz gorzej znaj\u0105 j\u0119zyk, tymczasem j\u0119zyk jest narz\u0119dziem my\u015blenia \u2013 w tym tak\u017ce matematycznego!Dzieci s\u0142abo wy\u0107wiczone w &hellip; <\/p>\n","protected":false},"author":1,"featured_media":0,"parent":14,"menu_order":7,"comment_status":"closed","ping_status":"closed","template":"","meta":{"footnotes":""},"class_list":["post-83","page","type-page","status-publish","hentry"],"_links":{"self":[{"href":"http:\/\/przedszkole-gabin.edu.pl\/index.php?rest_route=\/wp\/v2\/pages\/83","targetHints":{"allow":["GET"]}}],"collection":[{"href":"http:\/\/przedszkole-gabin.edu.pl\/index.php?rest_route=\/wp\/v2\/pages"}],"about":[{"href":"http:\/\/przedszkole-gabin.edu.pl\/index.php?rest_route=\/wp\/v2\/types\/page"}],"author":[{"embeddable":true,"href":"http:\/\/przedszkole-gabin.edu.pl\/index.php?rest_route=\/wp\/v2\/users\/1"}],"replies":[{"embeddable":true,"href":"http:\/\/przedszkole-gabin.edu.pl\/index.php?rest_route=%2Fwp%2Fv2%2Fcomments&post=83"}],"version-history":[{"count":3,"href":"http:\/\/przedszkole-gabin.edu.pl\/index.php?rest_route=\/wp\/v2\/pages\/83\/revisions"}],"predecessor-version":[{"id":675,"href":"http:\/\/przedszkole-gabin.edu.pl\/index.php?rest_route=\/wp\/v2\/pages\/83\/revisions\/675"}],"up":[{"embeddable":true,"href":"http:\/\/przedszkole-gabin.edu.pl\/index.php?rest_route=\/wp\/v2\/pages\/14"}],"wp:attachment":[{"href":"http:\/\/przedszkole-gabin.edu.pl\/index.php?rest_route=%2Fwp%2Fv2%2Fmedia&parent=83"}],"curies":[{"name":"wp","href":"https:\/\/api.w.org\/{rel}","templated":true}]}}