{"id":81,"date":"2024-10-12T16:28:00","date_gmt":"2024-10-12T14:28:00","guid":{"rendered":"https:\/\/przedszkole-gabin.edu.pl\/?page_id=81"},"modified":"2024-11-25T22:53:28","modified_gmt":"2024-11-25T21:53:28","slug":"wielka-moc-bajek","status":"publish","type":"page","link":"http:\/\/przedszkole-gabin.edu.pl\/?page_id=81","title":{"rendered":"Wielka moc bajek"},"content":{"rendered":"\n<p>Bywa, \u017ce dziecko czego\u015b si\u0119 boi lub czym\u015b martwi, a Ty nie wiesz, jak mu pom\u00f3c. Prawdziwym ratunkiem okazuje si\u0119 specjalnie skonstruowana bajka. Przedstawi\u0119 kilka wskaz\u00f3wek, kt\u00f3re u\u0142atwi\u0105 tworzenie bajek pomagaj\u0105cych rozwi\u0105za\u0107 problemy Twojego dziecka. Si\u0142a tkwi\u0105ca w terapeutycznych bajkach bazuje na nast\u0119puj\u0105cych przes\u0142ankach:<br><br><strong>1. Moc wyobra\u017ani<\/strong><\/p>\n\n\n\n<p>Od wiek\u00f3w wyobra\u017ania i wyobra\u017cenia by\u0142y istotnymi \u017ar\u00f3d\u0142ami m\u0105dro\u015bci, uzdrawiaj\u0105cej si\u0142y dla kogo\u015b, kto mia\u0142 problemy. Nale\u017cy pami\u0119ta\u0107, \u017ce umiej\u0119tno\u015bci wizualizacyjne i wyobra\u017ceniowe cz\u0142owieka s\u0105 ogromne. Jest to jedna z cech, kt\u00f3ra r\u00f3\u017cni gatunek ludzki od innych istot \u017cywych. Wyobra\u017ania wp\u0142ywa na nasz\u0105 fizjologi\u0119 (np. wyobra\u017caj\u0105c sobie cytryn\u0119 powodujemy, \u017ce nast\u0119puje wydzielanie \u015bliny i jej nap\u0142ywanie do ust) oraz reakcje emocjonalne (np. wyobra\u017cenie sobie, \u017ce kto\u015b, kogo kochamy choruje, powoduje autentyczne pogr\u0105\u017cenie si\u0119 smutku z tego powodu). Moc wyobra\u017ani jest ogromna, nie spos\u00f3b jej przeceni\u0107.\u00a0<br><br><strong>2. Odwra\u017cliwianie<\/strong><\/p>\n\n\n\n<p>Odwra\u017cliwianie jest jedn\u0105 z technik behawioralnych, polegaj\u0105c\u0105 na uczeniu si\u0119 reagowania na l\u0119kotw\u00f3rczy obiekt (np. paj\u0105ka) odpr\u0119\u017ceniem, a nie panik\u0105. Odwra\u017cliwianie mo\u017ce odbywa\u0107 si\u0119 dzi\u0119ki wyobra\u017ceniom.\u00a0<br>Warto przypomnie\u0107, \u017ce strach wywo\u0142any okre\u015blonym obiektem jest naturaln\u0105 reakcj\u0105 u dzieci z danej grupy wiekowej &#8211; noworodki boj\u0105 si\u0119 utraty fizycznego wsparcia, nag\u0142ych i g\u0142o\u015bnych d\u017awi\u0119k\u00f3w; 8-miesi\u0119czne dzieci najbardziej boj\u0105 si\u0119 rozstania z mam\u0105; w 2-letnich dzieciach strach mo\u017ce wywo\u0142ywa\u0107 sp\u0142ukiwanie sedesu, wypuszczanie wody z\u00a0wanny; 3-letnie dzieci boj\u0105 si\u0119 postaci z wyobra\u017ani; 4-letnie dzieci strachem nape\u0142nia ciemno\u015b\u0107.\u00a0<br><br><strong>3. Modelowanie<\/strong><\/p>\n\n\n\n<p>Kolejna z technik behawioralnych, kt\u00f3ra polega na uczeniu przez demonstrowanie. Model prezentuje spos\u00f3b radzenia sobie z problemem, aktualnie prze\u017cywanym przez dziecko. Modelowanie mo\u017ce polega\u0107 na rzeczywistym pokazie lub na wyobra\u017ceniu sobie konkretnej sytuacji. Kiedy dziecko wyobra\u017ca sobie osob\u0119, kt\u00f3ra z powodzeniem wychodzi z trudnej dla siebie sytuacji, samo nabiera wiary, \u017ce jemu tak\u017ce si\u0119 uda, ponadto uczy si\u0119, jak sobie poradzi\u0107 z danym problemem.\u00a0<br><br><strong>4. Identyfikacja<\/strong><\/p>\n\n\n\n<p>Uto\u017csamianie z bohaterem bajki pozwala na przej\u0119cie jego zachowania, kt\u00f3re doprowadzi\u0142o do rozwi\u0105zania danego problemu w okre\u015blony spos\u00f3b.\u00a0<br><br><strong><br>Tworzenie bajki i korzy\u015bci z niej p\u0142yn\u0105ce:<\/strong>\u00a0<\/p>\n\n\n\n<p><br>Dziecku trudno m\u00f3wi\u0107 o swoich problemach. Nie potrafi zwerbalizowa\u0107 swojego strachu, a czasem nawet go rozpozna\u0107. Mo\u017ce te\u017c obawia\u0107 si\u0119, \u017ce je\u015bli wyrazi strach s\u0142owami, w\u00f3wczas on si\u0119 nasili (dziecko stosuje w tym wypadku &#8220;magiczne my\u015blenie&#8221;). Sp\u00f3jrz na \u015bwiat oczami swojego dziecka.<br>Bohater bajki musi by\u0107 bardzo podobny do Twojego dziecka, ale nie mo\u017ce by\u0107 nim. Przede wszystkim nale\u017cy zmieni\u0107 imi\u0119 g\u0142\u00f3wnej postaci opowiadania, zabieg ten da dziecku poczucie bezpiecze\u0144stwa. Inne szczeg\u00f3\u0142y z \u017cycia dziecka powinny by\u0107 bardzo bliskie orygina\u0142u (np. opis pokoju, zabawek, itp.) lub zgodne z nim ca\u0142kowicie (np. wiek). Bohaterem bajki mo\u017ce te\u017c by\u0107 zwierz\u0105tko, kt\u00f3re dzielnie radzi sobie z okre\u015blonymi trudno\u015bciami (najlepiej bliskie dziecku lub podobne do niego). W ka\u017cdym z przypadk\u00f3w dziecko powinno identyfikowa\u0107 si\u0119 z bohaterem bajki.<br>Poczucie bezpiecze\u0144stwa wywo\u0142ane prze\u015bwiadczeniem, \u017ce jaka\u015b sytuacja nie zdarzy\u0142a si\u0119 mi (dziecku), tylko komu\u015b innemu, sprawia, \u017ce mo\u017cna j\u0105 przemy\u015ble\u0107, zbli\u017cy\u0107 si\u0119 do niej, lepiej zrozumie\u0107 sam\u0105 sytuacj\u0119 oraz uczucia jej towarzysz\u0105ce.<br>S\u0142uchanie o prze\u017cyciach kogo\u015b, kto do\u015bwiadcza czego\u015b podobnego jest pocieszeniem. Dziecko zyskuje przekonanie, \u017ce nie jest samo, nie tylko ono prze\u017cywa dany problem.<br>Dzia\u0142anie terapeutyczne ma ju\u017c samo sp\u0119dzanie czasu z rodzicami. Niezale\u017cnie od tre\u015bci historii, dziecko doznaje uczucia przyjemnej, uspokajaj\u0105cej blisko\u015bci z jednym z rodzic\u00f3w. Tre\u015b\u0107 opowiadania pomaga dziecku w pokonywaniu k\u0142opot\u00f3w, a jednocze\u015bnie wzmacnia wi\u0119\u017a pomi\u0119dzy dzieckiem i rodzicami.\u00a0<br>Opowiadanie powinno by\u0107 bliskie temu, co dzieje si\u0119 w \u017cyciu dziecka, jego zako\u0144czenie zale\u017cne jest od wyobra\u017ani rodzica.\u00a0Istotne jest, aby zako\u0144czenie bajki by\u0142o pozytywne\u00a0(nale\u017cy da\u0107 dziecku nadziej\u0119, \u017ce zdo\u0142a znale\u017a\u0107 wyj\u015bcie ze swoich k\u0142opot\u00f3w). Dziecko, kt\u00f3re nie wierzy, \u017ce uda mu si\u0119 rozwi\u0105za\u0107 dany problem, nie znajdzie motywacji do wysi\u0142ku, \u017ceby co\u015b zmieni\u0107, podda si\u0119.\u00a0<br>Droga do pozytywnego zako\u0144czenia bajki b\u0119dzie z pewno\u015bci\u0105 inna w ka\u017cdej historii. Musi to by\u0107 co\u015b, co Wasze dziecko b\u0119dzie mog\u0142o przyj\u0105\u0107 i wykorzysta\u0107 (mo\u017ce wynika\u0107 z praktycznej techniki &#8211; np. odwra\u017cliwiania, mo\u017ce te\u017c wynika\u0107 z wiedzy, np. \u017ce nawet ogromny smutek z czasem os\u0142abnie i stanie si\u0119 mo\u017cliwy do zniesienia).<br>Dziecko mo\u017ce wykorzysta\u0107 to, czego si\u0119 nauczy\u0142o na podstawie jednej z bajek i pos\u0142u\u017cy\u0107 si\u0119 t\u0105 wiedz\u0105 w wypadku innych trudno\u015bci.<br><br>Pami\u0119taj, \u017ce odpowiednio skonstruowana bajka jest bardzo skuteczna, pozwala dziecku dowiedzie\u0107 si\u0119 czego\u015b o sobie i swoich problemach. Dzi\u0119ki bajce dziecko czuje si\u0119 silniejsze, przekonuje si\u0119, \u017ce ma wsparcie i jest rozumiane przez najbli\u017csz\u0105 sobie osob\u0119 &#8211; przez rodzica.<\/p>\n\n\n\n<p>\u0179r\u00f3d\u0142o: <a href=\"https:\/\/www.superkid.pl\/bajki-terapeutyczne\" target=\"_blank\" rel=\"noreferrer noopener\">https:\/\/www.superkid.pl\/bajki-terapeutyczne<\/a><\/p>\n","protected":false},"excerpt":{"rendered":"<p>Bywa, \u017ce dziecko czego\u015b si\u0119 boi lub czym\u015b martwi, a Ty nie wiesz, jak mu pom\u00f3c. Prawdziwym ratunkiem okazuje si\u0119 specjalnie skonstruowana bajka. Przedstawi\u0119 kilka wskaz\u00f3wek, kt\u00f3re u\u0142atwi\u0105 tworzenie bajek pomagaj\u0105cych rozwi\u0105za\u0107 problemy Twojego dziecka. Si\u0142a tkwi\u0105ca w terapeutycznych bajkach &hellip; <\/p>\n","protected":false},"author":1,"featured_media":0,"parent":14,"menu_order":6,"comment_status":"closed","ping_status":"closed","template":"","meta":{"footnotes":""},"class_list":["post-81","page","type-page","status-publish","hentry"],"_links":{"self":[{"href":"http:\/\/przedszkole-gabin.edu.pl\/index.php?rest_route=\/wp\/v2\/pages\/81","targetHints":{"allow":["GET"]}}],"collection":[{"href":"http:\/\/przedszkole-gabin.edu.pl\/index.php?rest_route=\/wp\/v2\/pages"}],"about":[{"href":"http:\/\/przedszkole-gabin.edu.pl\/index.php?rest_route=\/wp\/v2\/types\/page"}],"author":[{"embeddable":true,"href":"http:\/\/przedszkole-gabin.edu.pl\/index.php?rest_route=\/wp\/v2\/users\/1"}],"replies":[{"embeddable":true,"href":"http:\/\/przedszkole-gabin.edu.pl\/index.php?rest_route=%2Fwp%2Fv2%2Fcomments&post=81"}],"version-history":[{"count":2,"href":"http:\/\/przedszkole-gabin.edu.pl\/index.php?rest_route=\/wp\/v2\/pages\/81\/revisions"}],"predecessor-version":[{"id":672,"href":"http:\/\/przedszkole-gabin.edu.pl\/index.php?rest_route=\/wp\/v2\/pages\/81\/revisions\/672"}],"up":[{"embeddable":true,"href":"http:\/\/przedszkole-gabin.edu.pl\/index.php?rest_route=\/wp\/v2\/pages\/14"}],"wp:attachment":[{"href":"http:\/\/przedszkole-gabin.edu.pl\/index.php?rest_route=%2Fwp%2Fv2%2Fmedia&parent=81"}],"curies":[{"name":"wp","href":"https:\/\/api.w.org\/{rel}","templated":true}]}}