{"id":71,"date":"2024-10-12T16:22:22","date_gmt":"2024-10-12T14:22:22","guid":{"rendered":"https:\/\/przedszkole-gabin.edu.pl\/?page_id=71"},"modified":"2024-11-25T21:41:55","modified_gmt":"2024-11-25T20:41:55","slug":"wplyw-telewizji-na-zabawy-i-rozwoj-dzieci-w-wieku-przedszkolnym","status":"publish","type":"page","link":"http:\/\/przedszkole-gabin.edu.pl\/?page_id=71","title":{"rendered":"Wp\u0142yw telewizji na zabawy i rozw\u00f3j dzieci w wieku przedszkolnym"},"content":{"rendered":"\n<p>Dziecko od najm\u0142odszych lat znajduje si\u0119 w kr\u0119gu r\u00f3\u017cnego rodzaju oddzia\u0142ywa\u0144, kt\u00f3re kszta\u0142tuj\u0105 jego rozw\u00f3j. Pocz\u0105tkowo s\u0105 to osoby z jego najbli\u017cszego otoczenia, p\u00f3\u017aniej grupy r\u00f3wie\u015bnicze, wychowawcy, r\u00f3\u017cnego rodzaju instytucje lokalne, a tak\u017ce ponadlokalne, do kt\u00f3rych w\u0142a\u015bnie zaliczane s\u0105 media.<br>W ostatnich latach telewizja sta\u0142a si\u0119 \u015brodkiem przekazu stale zmieniaj\u0105cym si\u0119. Czasy, kiedy \u017cyli\u015bmy w b\u0142ogim przekonaniu, \u017ce telewizja jest elementem integruj\u0105cym rodzin\u0119, a dziecko przed telewizorem jest bezpieczniejsze ni\u017c na ulicy \u2013 min\u0119\u0142y bezpowrotnie. Dotarli\u015bmy do momentu, kiedy telewizja sta\u0142a si\u0119 problemem. Jej niepowstrzymany wp\u0142yw niepokoi spo\u0142ecze\u0144stwo, zw\u0142aszcza w kontek\u015bcie przest\u0119pczo\u015bci dzieci i m\u0142odzie\u017cy.<br>Obecnie dost\u0119p do telewizji ma w zasadzie ka\u017cde dziecko. Na rynku a\u017c roi si\u0119 od ofert programowych, kt\u00f3re poprzez swoj\u0105 r\u00f3\u017cnorodno\u015b\u0107 i bogactwo program\u00f3w skutecznie \u201eprzykuwaj\u0105\u201d dzieci do odbiornik\u00f3w. Telewizja zaw\u0142adn\u0119\u0142a \u017cyciem bardzo wielu dzieci i ich rodzin, podporz\u0105dkowa\u0142a sobie ich rozk\u0142ad zaj\u0119\u0107 w ci\u0105gu dnia, przyci\u0105gaj\u0105c i zatrzymuj\u0105c codziennie na wiele godzin cz\u0142onk\u00f3w rodziny przed telewizorem.<br>Telewizja ma ogromne mo\u017cliwo\u015bci emocjonalnego oddzia\u0142ywania na ma\u0142ego odbiorc\u0119. Pobudza zachowania aspo\u0142eczne, a poprzez popularyzacj\u0119 negatywnych wzorc\u00f3w przyczynia si\u0119 do upadku autorytet\u00f3w, warto\u015bci, norm, zaciera r\u00f3\u017cnice mi\u0119dzy wyobra\u017ani\u0105, a rzeczywisto\u015bci\u0105.<br>Powa\u017cny niepok\u00f3j budzi r\u00f3wnie\u017c cz\u0119sto\u015b\u0107 wyst\u0119powania w telewizji negatywnych emocji. Bohaterowie staj\u0105 si\u0119 cz\u0119sto modelami, kt\u00f3rych sposoby zachowania i s\u0142ownictwo jest p\u00f3\u017aniej na\u015bladowane przez dzieci. Cz\u0119ste ogl\u0105danie przez dzieci tego typu program\u00f3w powoduje, \u017ce dzieci z czasem oswajaj\u0105 si\u0119 z agresj\u0105 i groz\u0105, i przyjmuj\u0105 j\u0105 jako po\u017c\u0105dan\u0105 form\u0119 zachowania.<br>Wida\u0107 wyra\u017anie, \u017ce telewizyjna fikcja wkroczy\u0142a w \u015bwiat ich dzieci\u0119cych zabaw i fantazji. Dzieci bardzo lubi\u0105 identyfikowa\u0107 si\u0119 ze swoimi ulubionymi bohaterami, kt\u00f3rzy s\u0105 silni, odwa\u017cni i waleczni, i takimi w\u0142a\u015bnie chc\u0105 one by\u0107 w zabawie.<br>Pami\u0119tajmy, \u017ce dzieci\u0119ca percepcja r\u00f3\u017cni si\u0119 od naszej, doros\u0142ej. U dzieci cz\u0119sto zaciera si\u0119 granica pomi\u0119dzy rzeczywisto\u015bci\u0105 a fikcj\u0105, a telewizja nie jest \u201eprzejrzysta\u201d w jej dostrzeganiu. Profesjonalnie przygotowane obrazy telewizyjne s\u0105 postrzegane przez dzieci jako faktyczne. Dlatego wystarczy jedynie, aby rodzic obejrza\u0142 film razem z dzieckiem i p\u00f3\u017aniej przeanalizowa\u0142 go cho\u0107by przez rozmowy, wskazuj\u0105c r\u00f3\u017cnice pomi\u0119dzy rzeczywisto\u015bci\u0105 a fikcj\u0105.<br>Je\u017celi rodzice nie po\u015bwi\u0119caj\u0105 wystarczaj\u0105cej ilo\u015bci czasu dzieciom, samodzielnie selekcjonuj\u0105 one to, co chc\u0105 ogl\u0105da\u0107. Wydaje si\u0119, \u017ce rodzice s\u0105 zadowoleni z tego, \u017ce telewizor wyr\u0119cza ich w obowi\u0105zkach wychowawczych. Nie stosuj\u0105c zalece\u0144, co warto obejrze\u0107, jak i surowych zakaz\u00f3w zwi\u0105zanych z tematyk\u0105 program\u00f3w, rodzice przyczyniaj\u0105 si\u0119 do negatywnego wp\u0142ywu telewizji na ich dzieci, a te, ogl\u0105daj\u0105c co chc\u0105, wkraczaj\u0105 w \u015bwiat kultury doros\u0142ych, jednocze\u015bnie nie maj\u0105c odpowiednich umiej\u0119tno\u015bci komunikacyjnych, aby zrozumie\u0107 ich tre\u015b\u0107.<br>Konieczna jest zatem sta\u0142a kontrola polegaj\u0105ca na dok\u0142adnym doborze program\u00f3w, na ogl\u0105daniu ich wsp\u00f3lnie z dzieckiem oraz na dyskusji na temat scen zawieraj\u0105cych negatywne wzorce zachowa\u0144, a tak\u017ce na zwr\u00f3ceniu uwagi na r\u00f3\u017cnice pomi\u0119dzy fikcj\u0105 telewizyjn\u0105, a rzeczywisto\u015bci\u0105, w kt\u00f3rej \u017cyjemy.<\/p>\n","protected":false},"excerpt":{"rendered":"<p>Dziecko od najm\u0142odszych lat znajduje si\u0119 w kr\u0119gu r\u00f3\u017cnego rodzaju oddzia\u0142ywa\u0144, kt\u00f3re kszta\u0142tuj\u0105 jego rozw\u00f3j. Pocz\u0105tkowo s\u0105 to osoby z jego najbli\u017cszego otoczenia, p\u00f3\u017aniej grupy r\u00f3wie\u015bnicze, wychowawcy, r\u00f3\u017cnego rodzaju instytucje lokalne, a tak\u017ce ponadlokalne, do kt\u00f3rych w\u0142a\u015bnie zaliczane s\u0105 media.W &hellip; <\/p>\n","protected":false},"author":1,"featured_media":0,"parent":14,"menu_order":1,"comment_status":"closed","ping_status":"closed","template":"","meta":{"footnotes":""},"class_list":["post-71","page","type-page","status-publish","hentry"],"_links":{"self":[{"href":"http:\/\/przedszkole-gabin.edu.pl\/index.php?rest_route=\/wp\/v2\/pages\/71","targetHints":{"allow":["GET"]}}],"collection":[{"href":"http:\/\/przedszkole-gabin.edu.pl\/index.php?rest_route=\/wp\/v2\/pages"}],"about":[{"href":"http:\/\/przedszkole-gabin.edu.pl\/index.php?rest_route=\/wp\/v2\/types\/page"}],"author":[{"embeddable":true,"href":"http:\/\/przedszkole-gabin.edu.pl\/index.php?rest_route=\/wp\/v2\/users\/1"}],"replies":[{"embeddable":true,"href":"http:\/\/przedszkole-gabin.edu.pl\/index.php?rest_route=%2Fwp%2Fv2%2Fcomments&post=71"}],"version-history":[{"count":2,"href":"http:\/\/przedszkole-gabin.edu.pl\/index.php?rest_route=\/wp\/v2\/pages\/71\/revisions"}],"predecessor-version":[{"id":639,"href":"http:\/\/przedszkole-gabin.edu.pl\/index.php?rest_route=\/wp\/v2\/pages\/71\/revisions\/639"}],"up":[{"embeddable":true,"href":"http:\/\/przedszkole-gabin.edu.pl\/index.php?rest_route=\/wp\/v2\/pages\/14"}],"wp:attachment":[{"href":"http:\/\/przedszkole-gabin.edu.pl\/index.php?rest_route=%2Fwp%2Fv2%2Fmedia&parent=71"}],"curies":[{"name":"wp","href":"https:\/\/api.w.org\/{rel}","templated":true}]}}