{"id":67,"date":"2024-10-12T15:49:34","date_gmt":"2024-10-12T13:49:34","guid":{"rendered":"https:\/\/przedszkole-gabin.edu.pl\/?page_id=67"},"modified":"2026-05-04T13:27:07","modified_gmt":"2026-05-04T11:27:07","slug":"rekrutacja","status":"publish","type":"page","link":"http:\/\/przedszkole-gabin.edu.pl\/?page_id=67","title":{"rendered":"Rekrutacja"},"content":{"rendered":"<div class=\"wp-block-image\">\n<figure class=\"aligncenter size-full\"><img loading=\"lazy\" decoding=\"async\" width=\"275\" height=\"333\" src=\"http:\/\/przedszkole-gabin.edu.pl\/wp-content\/uploads\/2024\/11\/Logo.jpg\" alt=\"\" class=\"wp-image-323\" srcset=\"http:\/\/przedszkole-gabin.edu.pl\/wp-content\/uploads\/2024\/11\/Logo.jpg 275w, http:\/\/przedszkole-gabin.edu.pl\/wp-content\/uploads\/2024\/11\/Logo-248x300.jpg 248w\" sizes=\"auto, (max-width: 275px) 100vw, 275px\" \/><\/figure>\n<\/div>\n\n\n<div style=\"height:20px\" aria-hidden=\"true\" class=\"wp-block-spacer\"><\/div>\n\n\n\n<h2 class=\"wp-block-heading has-text-align-center\"><strong>Rekrutacja na rok szkolny 2026\/2027&nbsp;!!!<\/strong><\/h2>\n\n\n\n<p class=\"has-text-align-center\">&nbsp; &nbsp; (zgodnie z harmonogramem rekrutacji na rok 26\/27)<\/p>\n\n\n\n<div style=\"height:15px\" aria-hidden=\"true\" class=\"wp-block-spacer\"><\/div>\n\n\n\n<p class=\"has-text-align-center\"><strong>CHC\u0104C ZAPISA\u0106 DZIECKO DO PRZEDSZKOLA SAMORZ\u0104DOWEGO<\/strong><\/p>\n\n\n\n<p class=\"has-text-align-center\"><strong>IM. KR\u00d3LA MACIUSIA PIERWSZEGO W G\u0104BINIE<\/strong><\/p>\n\n\n\n<p class=\"has-text-align-center\"><strong>NALE\u017bY:<\/strong><\/p>\n\n\n\n<div style=\"height:20px\" aria-hidden=\"true\" class=\"wp-block-spacer\"><\/div>\n\n\n\n<h4 class=\"wp-block-heading\">I. Zapozna\u0107 si\u0119 szczeg\u00f3\u0142owo z:<\/h4>\n\n\n\n<p>Regulaminem do spraw komisji rekrutacyjnej<\/p>\n\n\n\n<p><a href=\"http:\/\/przedszkole-gabin.edu.pl\/wp-content\/uploads\/2026\/02\/Regulamin-rekrutacji-26-27.pdf\">Regulamin rekrutacji 2026\/2027<\/a><\/p>\n\n\n\n<div class=\"wp-block-file\"><a id=\"wp-block-file--media-23855e72-331b-4b28-a621-dd20b675ef01\" href=\"http:\/\/przedszkole-gabin.edu.pl\/wp-content\/uploads\/2026\/02\/Deklaracja-kontynuacji-przedszkolnej-2025-2026.pdf\">Deklaracja kontynuacji przedszkolnej 2026-2027<\/a><a href=\"http:\/\/przedszkole-gabin.edu.pl\/wp-content\/uploads\/2026\/02\/Deklaracja-kontynuacji-przedszkolnej-2025-2026.pdf\" class=\"wp-block-file__button wp-element-button\" download aria-describedby=\"wp-block-file--media-23855e72-331b-4b28-a621-dd20b675ef01\">Pobierz<\/a><\/div>\n\n\n\n<p><br>Harmonogramem rekrutacji<\/p>\n\n\n\n<div class=\"wp-block-file\"><a id=\"wp-block-file--media-f2d4e943-df63-4ec1-bec2-295b5ca1831f\" href=\"http:\/\/przedszkole-gabin.edu.pl\/wp-content\/uploads\/2026\/02\/HARMONOGRAM-REKRUTACJI-2026-2027.pdf\">HARMONOGRAM REKRUTACJI 2026-2027<\/a><a href=\"http:\/\/przedszkole-gabin.edu.pl\/wp-content\/uploads\/2026\/02\/HARMONOGRAM-REKRUTACJI-2026-2027.pdf\" class=\"wp-block-file__button wp-element-button\" download aria-describedby=\"wp-block-file--media-f2d4e943-df63-4ec1-bec2-295b5ca1831f\">Pobierz<\/a><\/div>\n\n\n\n<h4 class=\"wp-block-heading\"><font dir=\"auto\" style=\"vertical-align: inherit;\"><font dir=\"auto\" style=\"vertical-align: inherit;\">II. Pobra\u0107 potrzebne pliki, wydrukowa\u0107, pod\u0142\u0105czy\u0107 i pod\u0142\u0105czy\u0107 do sekretariatu przedszkola:<\/font><\/font><\/h4>\n\n\n\n<p><strong> 1. Dokumenty obowi\u0105zkowe:<\/strong><br><br> Karta zapisu<\/p>\n\n\n\n<div class=\"wp-block-file\"><a id=\"wp-block-file--media-5ebb93f4-9158-4645-9db9-7ba93fbbf76a\" href=\"http:\/\/przedszkole-gabin.edu.pl\/wp-content\/uploads\/2026\/02\/KARTA-ZGLOSZENIA-DZIECKA-DO-PRZEDSZKOLA-SAMORZADOWEGO-2026-2027.pdf\">KARTA ZG\u0141OSZENIA DZIECKA DO PRZEDSZKOLA SAMORZ\u0104DOWEGO 2026-2027<\/a><a href=\"http:\/\/przedszkole-gabin.edu.pl\/wp-content\/uploads\/2026\/02\/KARTA-ZGLOSZENIA-DZIECKA-DO-PRZEDSZKOLA-SAMORZADOWEGO-2026-2027.pdf\" class=\"wp-block-file__button wp-element-button\" download aria-describedby=\"wp-block-file--media-5ebb93f4-9158-4645-9db9-7ba93fbbf76a\">Pobierz<\/a><\/div>\n\n\n\n<p>Klauzula informacyjna o przetwarzaniu danych osobowych<\/p>\n\n\n\n<p><a href=\"http:\/\/przedszkole-gabin.edu.pl\/wp-content\/uploads\/2026\/05\/klauzula-informacyjna-rekrutacja-przedszkole.pdf\" data-type=\"link\" data-id=\"http:\/\/przedszkole-gabin.edu.pl\/wp-content\/uploads\/2026\/05\/klauzula-informacyjna-rekrutacja-przedszkole.pdf\">klauzula informacyjna o przetwarzaniu danych osobowych<\/a><\/p>\n\n\n\n<p><\/p>\n\n\n\n<p><font dir=\"auto\" style=\"vertical-align: inherit;\"><font dir=\"auto\" style=\"vertical-align: inherit;\">O\u015bwiadczenie rodzica\/rodzic\u00f3w lub opiekuna prawnego<\/font><\/font><\/p>\n\n\n\n<div class=\"wp-block-file\"><a id=\"wp-block-file--media-30a42a59-2d1e-4438-b302-771284b0d0f6\" href=\"http:\/\/przedszkole-gabin.edu.pl\/wp-content\/uploads\/2025\/02\/Oswiadczenie-rodzica-rodzicow-lub-prawnego-opiekuna-opiekunow-prawnych.pdf\">Oswiadczenie-rodzica-rodzicow-lub-prawnego-opiekuna-opiekunow-prawnych<\/a><a href=\"http:\/\/przedszkole-gabin.edu.pl\/wp-content\/uploads\/2025\/02\/Oswiadczenie-rodzica-rodzicow-lub-prawnego-opiekuna-opiekunow-prawnych.pdf\" class=\"wp-block-file__button wp-element-button\" download aria-describedby=\"wp-block-file--media-30a42a59-2d1e-4438-b302-771284b0d0f6\">Pobierz<\/a><\/div>\n\n\n\n<div style=\"height:10px\" aria-hidden=\"true\" class=\"wp-block-spacer\"><\/div>\n\n\n\n<p><strong><font dir=\"auto\" style=\"vertical-align: inherit;\"><font dir=\"auto\" style=\"vertical-align: inherit;\">2. Dokumenty dodatkowe:<\/font><\/font><\/strong><br><br><font dir=\"auto\" style=\"vertical-align: inherit;\"><font dir=\"auto\" style=\"vertical-align: inherit;\"> O\u015bwiadczenie o samotnym wychowywaniu kandydat\u00f3w<\/font><\/font><\/p>\n\n\n\n<div class=\"wp-block-file\"><a id=\"wp-block-file--media-0bedb749-2b6b-458d-aae6-bc7e6c37c8bb\" href=\"http:\/\/przedszkole-gabin.edu.pl\/wp-content\/uploads\/2025\/02\/Oswiadczenie-o-samotnym-wychowywaniu-kandydata.pdf\">Oswiadczenie-o-samotnym-wychowywaniu-kandydata<\/a><a href=\"http:\/\/przedszkole-gabin.edu.pl\/wp-content\/uploads\/2025\/02\/Oswiadczenie-o-samotnym-wychowywaniu-kandydata.pdf\" class=\"wp-block-file__button wp-element-button\" download aria-describedby=\"wp-block-file--media-0bedb749-2b6b-458d-aae6-bc7e6c37c8bb\">Pobierz<\/a><\/div>\n\n\n\n<p>O\u015bwiadczenie o wielodzietno\u015bci<\/p>\n\n\n\n<div class=\"wp-block-file\"><a id=\"wp-block-file--media-53fc2b7a-61b2-4a91-ac9d-0caf8dfe404a\" href=\"http:\/\/przedszkole-gabin.edu.pl\/wp-content\/uploads\/2025\/02\/Oswiadczenie-o-wielodzietnosci-rodziny-kandydata.pdf\">Oswiadczenie-o-wielodzietnosci-rodziny-kandydata<\/a><a href=\"http:\/\/przedszkole-gabin.edu.pl\/wp-content\/uploads\/2025\/02\/Oswiadczenie-o-wielodzietnosci-rodziny-kandydata.pdf\" class=\"wp-block-file__button wp-element-button\" download aria-describedby=\"wp-block-file--media-53fc2b7a-61b2-4a91-ac9d-0caf8dfe404a\">Pobierz<\/a><\/div>\n\n\n\n<p>Potwierdzenie woli zapisu dziecka do przedszkola<\/p>\n\n\n\n<div class=\"wp-block-file\"><a id=\"wp-block-file--media-31ed1443-0986-4c41-8398-ed25c4b9cad1\" href=\"http:\/\/przedszkole-gabin.edu.pl\/wp-content\/uploads\/2026\/02\/potwierdzenie-woli-2026-2027.pdf\">potwierdzenie woli 2026-2027<\/a><a href=\"http:\/\/przedszkole-gabin.edu.pl\/wp-content\/uploads\/2026\/02\/potwierdzenie-woli-2026-2027.pdf\" class=\"wp-block-file__button wp-element-button\" download aria-describedby=\"wp-block-file--media-31ed1443-0986-4c41-8398-ed25c4b9cad1\">Pobierz<\/a><\/div>\n\n\n\n<div style=\"height:20px\" aria-hidden=\"true\" class=\"wp-block-spacer\"><\/div>\n\n\n\n<p class=\"has-text-align-center\"><strong>Aby kontynuowa\u0107 pobyt dziecka w przedszkolu,<\/strong> <strong>nale\u017cy pobra\u0107, wype\u0142ni\u0107 i dostarczy\u0107<\/strong>:<\/p>\n\n\n\n<p class=\"has-text-align-center\">Deklaracj\u0119 o kontynuowaniu wychowania przedszkolnego w naszym przedszkolu<\/p>\n\n\n\n<div class=\"wp-block-file\"><a id=\"wp-block-file--media-eb750844-2ca6-4666-9bdc-7a627c966538\" href=\"http:\/\/przedszkole-gabin.edu.pl\/wp-content\/uploads\/2025\/02\/Deklaracja-kontynuacji-przedszkolnej-2025-2026.pdf\">Deklaracja kontynuacji przedszkolnej 2025-2026<\/a><a href=\"http:\/\/przedszkole-gabin.edu.pl\/wp-content\/uploads\/2025\/02\/Deklaracja-kontynuacji-przedszkolnej-2025-2026.pdf\" class=\"wp-block-file__button wp-element-button\" download aria-describedby=\"wp-block-file--media-eb750844-2ca6-4666-9bdc-7a627c966538\">Pobierz<\/a><\/div>\n\n\n\n<div style=\"height:30px\" aria-hidden=\"true\" class=\"wp-block-spacer\"><\/div>\n\n\n\n<h1 class=\"wp-block-heading has-text-align-center\">Serdecznie zapraszamy !!!<\/h1>\n","protected":false},"excerpt":{"rendered":"<p>Rekrutacja na rok szkolny 2026\/2027&nbsp;!!! &nbsp; &nbsp; (zgodnie z harmonogramem rekrutacji na rok 26\/27) CHC\u0104C ZAPISA\u0106 DZIECKO DO PRZEDSZKOLA SAMORZ\u0104DOWEGO IM. KR\u00d3LA MACIUSIA PIERWSZEGO W G\u0104BINIE NALE\u017bY: I. Zapozna\u0107 si\u0119 szczeg\u00f3\u0142owo z: Regulaminem do spraw komisji rekrutacyjnej Regulamin rekrutacji 2026\/2027 &hellip; <\/p>\n","protected":false},"author":1,"featured_media":0,"parent":19,"menu_order":4,"comment_status":"closed","ping_status":"closed","template":"","meta":{"footnotes":""},"class_list":["post-67","page","type-page","status-publish","hentry"],"_links":{"self":[{"href":"http:\/\/przedszkole-gabin.edu.pl\/index.php?rest_route=\/wp\/v2\/pages\/67","targetHints":{"allow":["GET"]}}],"collection":[{"href":"http:\/\/przedszkole-gabin.edu.pl\/index.php?rest_route=\/wp\/v2\/pages"}],"about":[{"href":"http:\/\/przedszkole-gabin.edu.pl\/index.php?rest_route=\/wp\/v2\/types\/page"}],"author":[{"embeddable":true,"href":"http:\/\/przedszkole-gabin.edu.pl\/index.php?rest_route=\/wp\/v2\/users\/1"}],"replies":[{"embeddable":true,"href":"http:\/\/przedszkole-gabin.edu.pl\/index.php?rest_route=%2Fwp%2Fv2%2Fcomments&post=67"}],"version-history":[{"count":26,"href":"http:\/\/przedszkole-gabin.edu.pl\/index.php?rest_route=\/wp\/v2\/pages\/67\/revisions"}],"predecessor-version":[{"id":1194,"href":"http:\/\/przedszkole-gabin.edu.pl\/index.php?rest_route=\/wp\/v2\/pages\/67\/revisions\/1194"}],"up":[{"embeddable":true,"href":"http:\/\/przedszkole-gabin.edu.pl\/index.php?rest_route=\/wp\/v2\/pages\/19"}],"wp:attachment":[{"href":"http:\/\/przedszkole-gabin.edu.pl\/index.php?rest_route=%2Fwp%2Fv2%2Fmedia&parent=67"}],"curies":[{"name":"wp","href":"https:\/\/api.w.org\/{rel}","templated":true}]}}