{"id":65,"date":"2024-10-12T15:21:59","date_gmt":"2024-10-12T13:21:59","guid":{"rendered":"https:\/\/przedszkole-gabin.edu.pl\/?page_id=65"},"modified":"2026-05-04T13:35:29","modified_gmt":"2026-05-04T11:35:29","slug":"dokumenty","status":"publish","type":"page","link":"http:\/\/przedszkole-gabin.edu.pl\/?page_id=65","title":{"rendered":"Dokumenty"},"content":{"rendered":"\n<p><a href=\"http:\/\/przedszkole-gabin.edu.pl\/wp-content\/uploads\/2024\/11\/STANDARDY_OCHRONY_MALOLETNICH.pdf\" target=\"_blank\" rel=\"noreferrer noopener\">Standardy Ochrony Ma\u0142oletnich<\/a><\/p>\n\n\n\n<p><a href=\"http:\/\/przedszkole-gabin.edu.pl\/wp-content\/uploads\/2026\/05\/karta-zgloszenia-dziecka-z-naszego-przedszkola-na-dyzur-wakacyjny-26.pdf\" target=\"_blank\" rel=\"noreferrer noopener\"><font dir=\"auto\" style=\"vertical-align: inherit;\"><font dir=\"auto\" style=\"vertical-align: inherit;\">Karta zg\u0142oszenia dziecka z naszego przedszkola na dy\u017cur wakacyjny<\/font><\/font><\/a><\/p>\n\n\n\n<p><a href=\"http:\/\/przedszkole-gabin.edu.pl\/wp-content\/uploads\/2026\/05\/karta-zgloszenia-dziecka-spoza-przedszkola-na-dyzur-wakacyjny-26.pdf\">Karta zg\u0142oszenia dziecka spoza naszego przedszkola na dy\u017cur wakacyjny<\/a><\/p>\n\n\n\n<p><a href=\"http:\/\/przedszkole-gabin.edu.pl\/wp-content\/uploads\/2024\/11\/DEKLARACJA-UCZESZCZANIA-DZIECKA-DO-PRZEDSZKOLA-SAMORZADOWEGO-IM.-KROLA-MACIUSIA-PIERWSZEGO-W-GABINIE.pdf\" target=\"_blank\" rel=\"noreferrer noopener\">Deklaracja ucz\u0119szczania dziecka do Przedszkola Samorz\u0105dowego im. Kr\u00f3la Maciusia Pierwszego w G\u0105binie<\/a><\/p>\n\n\n\n<p><a href=\"http:\/\/przedszkole-gabin.edu.pl\/wp-content\/uploads\/2024\/11\/REGULAMIN-ELEKTRONICZNEJ-EWIDENCJI-CZASU-POBYTU-DZIECKA-W-PRZEDSZKOLU-SAMORZADOWYM-IM.-KROLA-MACIUSIA-PIERWSZEGO-W-GABINIE.pdf\" target=\"_blank\" rel=\"noreferrer noopener\">Regulamin elektronicznej ewidencji czasu pobytu dziecka w Przedszkolu Samorz\u0105dowym im. Kr\u00f3la Maciusia Pierwszego w G\u0105binie<\/a><\/p>\n\n\n\n<p><a href=\"http:\/\/przedszkole-gabin.edu.pl\/wp-content\/uploads\/2025\/09\/regulamin-organizacji-wycieczek-i-spacerow.pdf\" data-type=\"link\" data-id=\"http:\/\/przedszkole-gabin.edu.pl\/wp-content\/uploads\/2025\/09\/regulamin-organizacji-wycieczek-i-spacerow.pdf\" target=\"_blank\" rel=\"noreferrer noopener\">Regulamin organizacji wycieczek w Przedszkolu Samorz\u0105dowym im. Kr\u00f3la Maciusia Pierwszego w G\u0105binie<\/a><\/p>\n\n\n\n<p><a href=\"http:\/\/przedszkole-gabin.edu.pl\/wp-content\/uploads\/2025\/09\/regulamin-bezpieczenstwa-w-przedszkolu.pdf\" data-type=\"link\" data-id=\"http:\/\/przedszkole-gabin.edu.pl\/wp-content\/uploads\/2025\/09\/regulamin-bezpieczenstwa-w-przedszkolu.pdf\" target=\"_blank\" rel=\"noreferrer noopener\">Regulamin bezpiecze\u0144stwa w Przedszkolu Samorz\u0105dowym im. Kr\u00f3la Maciusia Pierwszego w G\u0105binie<\/a><\/p>\n\n\n\n<p><a href=\"http:\/\/przedszkole-gabin.edu.pl\/wp-content\/uploads\/2024\/11\/Procedura-postpowania-w-razie-wypadku-dziecka.pdf\" target=\"_blank\" rel=\"noreferrer noopener\">Procedura post\u0119powania w razie wypadku dziecka w Przedszkolu Samorz\u0105dowym im. Kr\u00f3la Maciusia Pierwszego w G\u0105binie<\/a><\/p>\n\n\n\n<p><a href=\"http:\/\/przedszkole-gabin.edu.pl\/wp-content\/uploads\/2024\/11\/PROCED2.pdf\" target=\"_blank\" rel=\"noreferrer noopener\">Procedura post\u0119powania w przypadku samowolnego oddalenia si\u0119 wychowanka z miejsca prowadzenia zaj\u0119\u0107 (miejsca pobytu) w Przedszkolu Samorz\u0105dowym im. Kr\u00f3la Maciusia Pierwszego w G\u0105binie<\/a><\/p>\n\n\n\n<p><a href=\"http:\/\/przedszkole-gabin.edu.pl\/wp-content\/uploads\/2024\/11\/Wykaz-osob-upowaznionych-do-odbioru-dziecka-z-Przedszkola-Samorzadowego-im.-Krola-Maciusia-Pierwszego-w-Gabinie.pdf\" target=\"_blank\" rel=\"noreferrer noopener\">Wykaz os\u00f3b upowa\u017cnionych do odbioru dziecka z Przedszkola Samorz\u0105dowego im. Kr\u00f3la Maciusia Pierwszego w G\u0105binie<\/a><\/p>\n\n\n\n<p><a href=\"http:\/\/przedszkole-gabin.edu.pl\/wp-content\/uploads\/2024\/11\/ZGODA_NA_PRZETWARZANIE_DANYCH_OSOBOWYCH.pdf\" target=\"_blank\" rel=\"noreferrer noopener\">Zgoda na przetwarzanie danych osobowych<\/a><\/p>\n\n\n\n<p><a href=\"http:\/\/przedszkole-gabin.edu.pl\/wp-content\/uploads\/2024\/11\/Zgody-i-oswiadczenia-rodzicow-prawnych-opiekunow-na-caly-okres-pobytu-w-przedszkolu.pdf\" target=\"_blank\" rel=\"noreferrer noopener\">Zgody i o\u015bwiadczenia rodzic\u00f3w-prawnych opiekun\u00f3w na ca\u0142y okres pobytu w przedszkolu<\/a><\/p>\n\n\n\n<p><a href=\"http:\/\/przedszkole-gabin.edu.pl\/wp-content\/uploads\/2024\/11\/Procedura-postepowania-z-dzieckiem-sprawiajacym-trudnosci-wychowawcze-i-przejawiajacym-agresje.pdf\" target=\"_blank\" rel=\"noreferrer noopener\">Procedura post\u0119powania z dzieckiem sprawiaj\u0105cym trudno\u015bci wychowawcze i przejawiaj\u0105cym agresj\u0119<\/a><\/p>\n\n\n\n<p><a href=\"https:\/\/www.gov.pl\/web\/edukacja\/podstawa-programowa-wychowania-przedszkolnego-dla-przedszkoli-i-oddzialow-przedszkolnych-w-szkolach-podstawowych\" target=\"_blank\" rel=\"noreferrer noopener\">Podstawa programowa wychowania przedszkolnego dla przedszkoli i oddzia\u0142\u00f3w przedszkolnych w szko\u0142ach podstawowych<\/a><\/p>\n\n\n\n<p><a href=\"http:\/\/przedszkole-gabin.edu.pl\/wp-content\/uploads\/2024\/11\/Postepowanie-z-dzieckiem-zadlawionym.pdf\" target=\"_blank\" rel=\"noreferrer noopener\">Post\u0119powanie z dzieckiem zad\u0142awionym<\/a><\/p>\n\n\n\n<p><a href=\"http:\/\/przedszkole-gabin.edu.pl\/wp-content\/uploads\/2024\/11\/Postepowanie-z-dzieckiem-nieprzytomnym-bez-oddechu.pdf\" target=\"_blank\" rel=\"noreferrer noopener\">Post\u0119powanie z dzieckiem nieprzytomnym bez oddechu<\/a><\/p>\n\n\n\n<p><a href=\"https:\/\/przedszkole-gabin.edu.pl\/?attachment_id=450\" target=\"_blank\" rel=\"noreferrer noopener\">Pomoc w obrazkach &#8211; prezentacja<\/a><\/p>\n\n\n\n<p><a href=\"http:\/\/przedszkole-gabin.edu.pl\/wp-content\/uploads\/2024\/11\/Postepowanie-z-osoba-nieprzytomna-z-zachowanym-oddechem.pdf\" target=\"_blank\" rel=\"noreferrer noopener\">Post\u0119powanie z osob\u0105 nieprzytomn\u0105 z zachowanym oddechem<\/a><\/p>\n\n\n\n<p><a href=\"http:\/\/przedszkole-gabin.edu.pl\/wp-content\/uploads\/2024\/11\/Instrukcja-pierwszej-pomocy.pdf\" target=\"_blank\" rel=\"noreferrer noopener\">Instrukcja pierwszej pomocy<\/a><\/p>\n\n\n\n<p><a href=\"http:\/\/przedszkole-gabin.edu.pl\/wp-content\/uploads\/2025\/09\/ramowy-rozklad-dnia.pdf\">Ramowy Rozk\u0142ad dnia<\/a><\/p>\n\n\n\n<p><a href=\"http:\/\/przedszkole-gabin.edu.pl\/wp-content\/uploads\/2025\/09\/rocedura-przyprowadzania-i-odbierania-dzieci.pdf\" data-type=\"attachment\" data-id=\"1098\">Procedura Przyprowadzania i Odbierania dzieci z przedszkola w G\u0105binie 2025<\/a><\/p>\n\n\n\n<p><a href=\"http:\/\/przedszkole-gabin.edu.pl\/wp-content\/uploads\/2025\/09\/statut2025.pdf\" data-type=\"link\" data-id=\"http:\/\/przedszkole-gabin.edu.pl\/wp-content\/uploads\/2025\/09\/statut2025.pdf\">Statut<\/a><\/p>\n\n\n\n<p><a href=\"http:\/\/przedszkole-gabin.edu.pl\/wp-content\/uploads\/2025\/12\/REGULAMIN-DZIENNIKA-Elektronicznego.pdf\" data-type=\"link\" data-id=\"http:\/\/przedszkole-gabin.edu.pl\/wp-content\/uploads\/2025\/12\/REGULAMIN-DZIENNIKA-Elektronicznego.pdf\">Regulamin Dziennika Elektronicznego<\/a><\/p>\n","protected":false},"excerpt":{"rendered":"<p>Standardy Ochrony Ma\u0142oletnich Karta zg\u0142oszenia dziecka z naszego przedszkola na dy\u017cur wakacyjny Karta zg\u0142oszenia dziecka spoza naszego przedszkola na dy\u017cur wakacyjny Deklaracja ucz\u0119szczania dziecka do Przedszkola Samorz\u0105dowego im. Kr\u00f3la Maciusia Pierwszego w G\u0105binie Regulamin elektronicznej ewidencji czasu pobytu dziecka w &hellip; <\/p>\n","protected":false},"author":1,"featured_media":0,"parent":19,"menu_order":3,"comment_status":"closed","ping_status":"closed","template":"","meta":{"footnotes":""},"class_list":["post-65","page","type-page","status-publish","hentry"],"_links":{"self":[{"href":"http:\/\/przedszkole-gabin.edu.pl\/index.php?rest_route=\/wp\/v2\/pages\/65","targetHints":{"allow":["GET"]}}],"collection":[{"href":"http:\/\/przedszkole-gabin.edu.pl\/index.php?rest_route=\/wp\/v2\/pages"}],"about":[{"href":"http:\/\/przedszkole-gabin.edu.pl\/index.php?rest_route=\/wp\/v2\/types\/page"}],"author":[{"embeddable":true,"href":"http:\/\/przedszkole-gabin.edu.pl\/index.php?rest_route=\/wp\/v2\/users\/1"}],"replies":[{"embeddable":true,"href":"http:\/\/przedszkole-gabin.edu.pl\/index.php?rest_route=%2Fwp%2Fv2%2Fcomments&post=65"}],"version-history":[{"count":26,"href":"http:\/\/przedszkole-gabin.edu.pl\/index.php?rest_route=\/wp\/v2\/pages\/65\/revisions"}],"predecessor-version":[{"id":1198,"href":"http:\/\/przedszkole-gabin.edu.pl\/index.php?rest_route=\/wp\/v2\/pages\/65\/revisions\/1198"}],"up":[{"embeddable":true,"href":"http:\/\/przedszkole-gabin.edu.pl\/index.php?rest_route=\/wp\/v2\/pages\/19"}],"wp:attachment":[{"href":"http:\/\/przedszkole-gabin.edu.pl\/index.php?rest_route=%2Fwp%2Fv2%2Fmedia&parent=65"}],"curies":[{"name":"wp","href":"https:\/\/api.w.org\/{rel}","templated":true}]}}