{"id":63,"date":"2024-10-12T15:20:11","date_gmt":"2024-10-12T13:20:11","guid":{"rendered":"https:\/\/przedszkole-gabin.edu.pl\/?page_id=63"},"modified":"2024-11-14T00:06:57","modified_gmt":"2024-11-13T23:06:57","slug":"pomyslownik","status":"publish","type":"page","link":"http:\/\/przedszkole-gabin.edu.pl\/?page_id=63","title":{"rendered":"Pomys\u0142ownik"},"content":{"rendered":"<ul class=\"wp-block-page-list\"><li class=\"wp-block-pages-list__item\"><a class=\"wp-block-pages-list__item__link\" href=\"http:\/\/przedszkole-gabin.edu.pl\/?page_id=189\">Rytmiczna rozgrzewka W PODSKOKACH<\/a><\/li><li class=\"wp-block-pages-list__item\"><a class=\"wp-block-pages-list__item__link\" href=\"http:\/\/przedszkole-gabin.edu.pl\/?page_id=191\">Wirtualne spotkania ze zwierz\u0119tami<\/a><\/li><li class=\"wp-block-pages-list__item\"><a class=\"wp-block-pages-list__item__link\" href=\"http:\/\/przedszkole-gabin.edu.pl\/?page_id=195\">Zabawy z j\u0119zykiem angielskim<\/a><\/li><li class=\"wp-block-pages-list__item\"><a class=\"wp-block-pages-list__item__link\" href=\"http:\/\/przedszkole-gabin.edu.pl\/?page_id=197\">Wczesne wspomaganie rozwoju, integracja sensoryczna<\/a><\/li><li class=\"wp-block-pages-list__item\"><a class=\"wp-block-pages-list__item__link\" href=\"http:\/\/przedszkole-gabin.edu.pl\/?page_id=199\">Muzyczne zabawy dla dzieci<\/a><\/li><li class=\"wp-block-pages-list__item\"><a class=\"wp-block-pages-list__item__link\" href=\"http:\/\/przedszkole-gabin.edu.pl\/?page_id=201\">Poradnik dla Rodzic\u00f3w<\/a><\/li><li class=\"wp-block-pages-list__item\"><a class=\"wp-block-pages-list__item__link\" href=\"http:\/\/przedszkole-gabin.edu.pl\/?page_id=203\">Wiosna &#8211; ksi\u0105\u017ceczka aktywizuj\u0105ca<\/a><\/li><li class=\"wp-block-pages-list__item\"><a class=\"wp-block-pages-list__item__link\" href=\"http:\/\/przedszkole-gabin.edu.pl\/?page_id=205\">Zadania i \u0107wiczenia z matematyki dla dzieci na poziomie przedszkola<\/a><\/li><li class=\"wp-block-pages-list__item\"><a class=\"wp-block-pages-list__item__link\" href=\"http:\/\/przedszkole-gabin.edu.pl\/?page_id=207\">Cudaczek wy\u015bmiewaczek &#8211; s\u0142uchowisko<\/a><\/li><li class=\"wp-block-pages-list__item\"><a class=\"wp-block-pages-list__item__link\" href=\"http:\/\/przedszkole-gabin.edu.pl\/?page_id=211\">Jonasz i podwodny \u015bwiat &#8211; TV<\/a><\/li><li class=\"wp-block-pages-list__item\"><a class=\"wp-block-pages-list__item__link\" href=\"http:\/\/przedszkole-gabin.edu.pl\/?page_id=217\">Zabawy logopedyczne od cioci Basi<\/a><\/li><li class=\"wp-block-pages-list__item\"><a class=\"wp-block-pages-list__item__link\" href=\"http:\/\/przedszkole-gabin.edu.pl\/?page_id=219\">Nauka przez zabaw\u0119<\/a><\/li><li class=\"wp-block-pages-list__item\"><a class=\"wp-block-pages-list__item__link\" href=\"http:\/\/przedszkole-gabin.edu.pl\/?page_id=221\">Edu-paka przedszkolaka &#8211; 100 stron zada\u0144<\/a><\/li><li class=\"wp-block-pages-list__item\"><a class=\"wp-block-pages-list__item__link\" href=\"http:\/\/przedszkole-gabin.edu.pl\/?page_id=223\">Profilaktyka wad postawy<\/a><\/li><li class=\"wp-block-pages-list__item\"><a class=\"wp-block-pages-list__item__link\" href=\"http:\/\/przedszkole-gabin.edu.pl\/?page_id=225\">Masy sensoryczne i plastyczne<\/a><\/li><\/ul>","protected":false},"excerpt":{"rendered":"","protected":false},"author":1,"featured_media":0,"parent":19,"menu_order":12,"comment_status":"closed","ping_status":"closed","template":"","meta":{"footnotes":""},"class_list":["post-63","page","type-page","status-publish","hentry"],"_links":{"self":[{"href":"http:\/\/przedszkole-gabin.edu.pl\/index.php?rest_route=\/wp\/v2\/pages\/63","targetHints":{"allow":["GET"]}}],"collection":[{"href":"http:\/\/przedszkole-gabin.edu.pl\/index.php?rest_route=\/wp\/v2\/pages"}],"about":[{"href":"http:\/\/przedszkole-gabin.edu.pl\/index.php?rest_route=\/wp\/v2\/types\/page"}],"author":[{"embeddable":true,"href":"http:\/\/przedszkole-gabin.edu.pl\/index.php?rest_route=\/wp\/v2\/users\/1"}],"replies":[{"embeddable":true,"href":"http:\/\/przedszkole-gabin.edu.pl\/index.php?rest_route=%2Fwp%2Fv2%2Fcomments&post=63"}],"version-history":[{"count":2,"href":"http:\/\/przedszkole-gabin.edu.pl\/index.php?rest_route=\/wp\/v2\/pages\/63\/revisions"}],"predecessor-version":[{"id":391,"href":"http:\/\/przedszkole-gabin.edu.pl\/index.php?rest_route=\/wp\/v2\/pages\/63\/revisions\/391"}],"up":[{"embeddable":true,"href":"http:\/\/przedszkole-gabin.edu.pl\/index.php?rest_route=\/wp\/v2\/pages\/19"}],"wp:attachment":[{"href":"http:\/\/przedszkole-gabin.edu.pl\/index.php?rest_route=%2Fwp%2Fv2%2Fmedia&parent=63"}],"curies":[{"name":"wp","href":"https:\/\/api.w.org\/{rel}","templated":true}]}}