{"id":61,"date":"2024-10-12T15:18:09","date_gmt":"2024-10-12T13:18:09","guid":{"rendered":"https:\/\/przedszkole-gabin.edu.pl\/?page_id=61"},"modified":"2024-11-15T14:49:01","modified_gmt":"2024-11-15T13:49:01","slug":"pomoc-psychologiczno-pedagogiczna","status":"publish","type":"page","link":"http:\/\/przedszkole-gabin.edu.pl\/?page_id=61","title":{"rendered":"Pomoc psychologiczno &#8211; pedagogiczna"},"content":{"rendered":"\n<p><a href=\"http:\/\/przedszkole-gabin.edu.pl\/wp-content\/uploads\/2024\/11\/PROCEDURA-W-SPRAWIE-ORGANIZOWANIA-WCZESNEGO-WSPOMAGANIA-ROZWOJU-DZIECI-W-PRZEDSZKOLU-SAMORZADOWYM-IM.-KROLA-MACIUSIA-PIERWSZEGO-W-GABINIE.pdf\" target=\"_blank\" rel=\"noreferrer noopener\">Procedura w sprawie organizowania wczesnego wspomagania rozwoju dzieci w Przedszkolu Samorz\u0105dowym im. Kr\u00f3la Maciusia Pierwszego w G\u0105binie<\/a><\/p>\n\n\n\n<p><a href=\"http:\/\/przedszkole-gabin.edu.pl\/wp-content\/uploads\/2024\/11\/Procedura-organizowania-i-udzielania-pomocy-psychologiczno-pedagogicznej-dla-dzieci-w-Przedszkolu-Samorzadowym-im.-Krola-Maciusia-Pierwszego-w-Gabinie.pdf\" target=\"_blank\" rel=\"noreferrer noopener\">Procedura organizowania i udzielania pomocy psychologiczno-pedagogicznej dla dzieci w Przedszkolu Samorz\u0105dowym im. Kr\u00f3la Maciusia Pierwszego w G\u0105binie<\/a><\/p>\n\n\n<ul class=\"wp-block-page-list\"><li class=\"wp-block-pages-list__item\"><a class=\"wp-block-pages-list__item__link\" href=\"http:\/\/przedszkole-gabin.edu.pl\/?page_id=379\">Co to jest pomoc psychologiczno-pedagogiczna?<\/a><\/li><li class=\"wp-block-pages-list__item\"><a class=\"wp-block-pages-list__item__link\" href=\"http:\/\/przedszkole-gabin.edu.pl\/?page_id=387\">Integracja Sensoryczna<\/a><\/li><li class=\"wp-block-pages-list__item\"><a class=\"wp-block-pages-list__item__link\" href=\"http:\/\/przedszkole-gabin.edu.pl\/?page_id=383\">Logopedia<\/a><\/li><li class=\"wp-block-pages-list__item\"><a class=\"wp-block-pages-list__item__link\" href=\"http:\/\/przedszkole-gabin.edu.pl\/?page_id=381\">Muzykoterapia<\/a><\/li><li class=\"wp-block-pages-list__item\"><a class=\"wp-block-pages-list__item__link\" href=\"http:\/\/przedszkole-gabin.edu.pl\/?page_id=385\">Rewalidacja<\/a><\/li><\/ul>\n\n\n<p><\/p>\n","protected":false},"excerpt":{"rendered":"<p>Procedura w sprawie organizowania wczesnego wspomagania rozwoju dzieci w Przedszkolu Samorz\u0105dowym im. Kr\u00f3la Maciusia Pierwszego w G\u0105binie Procedura organizowania i udzielania pomocy psychologiczno-pedagogicznej dla dzieci w Przedszkolu Samorz\u0105dowym im. Kr\u00f3la Maciusia Pierwszego w G\u0105binie<\/p>\n","protected":false},"author":1,"featured_media":0,"parent":19,"menu_order":11,"comment_status":"closed","ping_status":"closed","template":"","meta":{"footnotes":""},"class_list":["post-61","page","type-page","status-publish","hentry"],"_links":{"self":[{"href":"http:\/\/przedszkole-gabin.edu.pl\/index.php?rest_route=\/wp\/v2\/pages\/61","targetHints":{"allow":["GET"]}}],"collection":[{"href":"http:\/\/przedszkole-gabin.edu.pl\/index.php?rest_route=\/wp\/v2\/pages"}],"about":[{"href":"http:\/\/przedszkole-gabin.edu.pl\/index.php?rest_route=\/wp\/v2\/types\/page"}],"author":[{"embeddable":true,"href":"http:\/\/przedszkole-gabin.edu.pl\/index.php?rest_route=\/wp\/v2\/users\/1"}],"replies":[{"embeddable":true,"href":"http:\/\/przedszkole-gabin.edu.pl\/index.php?rest_route=%2Fwp%2Fv2%2Fcomments&post=61"}],"version-history":[{"count":4,"href":"http:\/\/przedszkole-gabin.edu.pl\/index.php?rest_route=\/wp\/v2\/pages\/61\/revisions"}],"predecessor-version":[{"id":434,"href":"http:\/\/przedszkole-gabin.edu.pl\/index.php?rest_route=\/wp\/v2\/pages\/61\/revisions\/434"}],"up":[{"embeddable":true,"href":"http:\/\/przedszkole-gabin.edu.pl\/index.php?rest_route=\/wp\/v2\/pages\/19"}],"wp:attachment":[{"href":"http:\/\/przedszkole-gabin.edu.pl\/index.php?rest_route=%2Fwp%2Fv2%2Fmedia&parent=61"}],"curies":[{"name":"wp","href":"https:\/\/api.w.org\/{rel}","templated":true}]}}