{"id":59,"date":"2024-10-12T15:16:54","date_gmt":"2024-10-12T13:16:54","guid":{"rendered":"https:\/\/przedszkole-gabin.edu.pl\/?page_id=59"},"modified":"2024-11-13T22:55:26","modified_gmt":"2024-11-13T21:55:26","slug":"model-absolwenta","status":"publish","type":"page","link":"http:\/\/przedszkole-gabin.edu.pl\/?page_id=59","title":{"rendered":"Model Absolwenta"},"content":{"rendered":"\n<p><strong>AKTYWNY<\/strong><br>Gotowy do stawiania pyta\u0144, budowania hipotez, przewidywania oraz odkrywania.<\/p>\n\n\n\n<p><strong>SAMODZIELNY<\/strong><br>Ciekawy \u015bwiata, gotowy do podejmowania r\u00f3\u017cnorodnych zada\u0144 oraz odczuwaj\u0105cy satysfakcj\u0119 z ich wykonania.&nbsp;<\/p>\n\n\n\n<p><strong>ODPORNY NA NIEPOWODZENIA<\/strong><br>Wierzy w siebie i jest gotowy do pracy nad sob\u0105.<\/p>\n\n\n\n<p><strong>\u015aWIADOMY<\/strong><br>Umiej\u0119tnie korzysta z podstawowych zasad zdrowego stylu \u017cycia.<\/p>\n\n\n\n<p><strong>PRACOWITY<\/strong><br>Zaanga\u017cowany w prac\u0119, kt\u00f3r\u0105 podejmuje z przyjemno\u015bci\u0105, zgodnie z w\u0142asnymi mo\u017cliwo\u015bciami i zainteresowaniami.<\/p>\n\n\n\n<p><strong>TW\u00d3RCZY<\/strong><br>Zdolny do kreatywnego dzia\u0142ania.<\/p>\n\n\n\n<p><strong>RADOSNY<\/strong><\/p>\n\n\n<div class=\"wp-block-image\">\n<figure class=\"aligncenter size-full is-resized\"><img loading=\"lazy\" decoding=\"async\" width=\"201\" height=\"251\" src=\"https:\/\/przedszkole-gabin.edu.pl\/wp-content\/uploads\/2024\/11\/model-radosny.jpg\" alt=\"\" class=\"wp-image-376\" style=\"object-fit:cover;width:150px;height:180px\"\/><\/figure>\n<\/div>\n\n\n<p><strong>ODPOWIEDZIALNY<\/strong><br>Odpowiedzialny za swoje uczenie si\u0119 oraz wsp\u00f3\u0142uczestnicz\u0105cy w projektowaniu, organizowaniu i ewaluowaniu swoich do\u015bwiadcze\u0144.<\/p>\n\n\n\n<p><strong>KULTURALNY<\/strong><br>Zdolny do nawi\u0105zywania pozytywnych kontakt\u00f3w emocjonalnych.<\/p>\n\n\n\n<p><strong>PISZE, CZYTA, LICZY<\/strong><br>Posiadaj\u0105cy zdolno\u015b\u0107 czytania, pisania i liczenia.<\/p>\n\n\n\n<p><strong>KREATYWNY<\/strong><br>Umiej\u0119tnie wyra\u017caj\u0105cy w r\u00f3\u017cnych formach swoje idee, przekonania i warto\u015bci.<\/p>\n\n\n\n<p><strong>KOMUNIKATYWNY<\/strong><br>Umiej\u0105cy relacjonowa\u0107 w\u0142asne do\u015bwiadczenia wyniesione<\/p>\n\n\n\n<p><strong>PRAKTYCZNY<\/strong><br>Gotowy do wykorzystywania posiadanej wiedzy oraz swych umiej\u0119tno\u015bci w sytuacjach \u017cycia codziennego.<\/p>\n\n\n\n<p><strong>LICZ\u0104CY SI\u0118 Z INNYMI<\/strong><br>Posiadaj\u0105cy umiej\u0119tno\u015b\u0107 pracy w r\u00f3\u017cnych grupach oraz uczenia si\u0119 od nauczyciela jak i r\u00f3wie\u015bnik\u00f3w.<\/p>\n","protected":false},"excerpt":{"rendered":"<p>AKTYWNYGotowy do stawiania pyta\u0144, budowania hipotez, przewidywania oraz odkrywania. SAMODZIELNYCiekawy \u015bwiata, gotowy do podejmowania r\u00f3\u017cnorodnych zada\u0144 oraz odczuwaj\u0105cy satysfakcj\u0119 z ich wykonania.&nbsp; ODPORNY NA NIEPOWODZENIAWierzy w siebie i jest gotowy do pracy nad sob\u0105. \u015aWIADOMYUmiej\u0119tnie korzysta z podstawowych zasad zdrowego &hellip; <\/p>\n","protected":false},"author":1,"featured_media":0,"parent":19,"menu_order":10,"comment_status":"closed","ping_status":"closed","template":"","meta":{"footnotes":""},"class_list":["post-59","page","type-page","status-publish","hentry"],"_links":{"self":[{"href":"http:\/\/przedszkole-gabin.edu.pl\/index.php?rest_route=\/wp\/v2\/pages\/59","targetHints":{"allow":["GET"]}}],"collection":[{"href":"http:\/\/przedszkole-gabin.edu.pl\/index.php?rest_route=\/wp\/v2\/pages"}],"about":[{"href":"http:\/\/przedszkole-gabin.edu.pl\/index.php?rest_route=\/wp\/v2\/types\/page"}],"author":[{"embeddable":true,"href":"http:\/\/przedszkole-gabin.edu.pl\/index.php?rest_route=\/wp\/v2\/users\/1"}],"replies":[{"embeddable":true,"href":"http:\/\/przedszkole-gabin.edu.pl\/index.php?rest_route=%2Fwp%2Fv2%2Fcomments&post=59"}],"version-history":[{"count":3,"href":"http:\/\/przedszkole-gabin.edu.pl\/index.php?rest_route=\/wp\/v2\/pages\/59\/revisions"}],"predecessor-version":[{"id":378,"href":"http:\/\/przedszkole-gabin.edu.pl\/index.php?rest_route=\/wp\/v2\/pages\/59\/revisions\/378"}],"up":[{"embeddable":true,"href":"http:\/\/przedszkole-gabin.edu.pl\/index.php?rest_route=\/wp\/v2\/pages\/19"}],"wp:attachment":[{"href":"http:\/\/przedszkole-gabin.edu.pl\/index.php?rest_route=%2Fwp%2Fv2%2Fmedia&parent=59"}],"curies":[{"name":"wp","href":"https:\/\/api.w.org\/{rel}","templated":true}]}}