{"id":57,"date":"2024-10-12T15:16:41","date_gmt":"2024-10-12T13:16:41","guid":{"rendered":"https:\/\/przedszkole-gabin.edu.pl\/?page_id=57"},"modified":"2024-11-21T00:07:39","modified_gmt":"2024-11-20T23:07:39","slug":"zajecia-dodatkowe","status":"publish","type":"page","link":"http:\/\/przedszkole-gabin.edu.pl\/?page_id=57","title":{"rendered":"Zaj\u0119cia dodatkowe"},"content":{"rendered":"\n<h4 class=\"wp-block-heading has-text-align-center\"><strong>Dbamy o wszechstronny rozw\u00f3j dzieci<\/strong><\/h4>\n\n\n\n<h3 class=\"wp-block-heading has-text-align-center\">Bezp\u0142atne zaj\u0119cia dodatkowe naszym atutem!!!<\/h3>\n\n\n\n<h4 class=\"wp-block-heading has-text-align-center\"><em>Opr\u00f3cz sta\u0142ych, codziennych zaj\u0119\u0107 edukacyjno-wychowawczych, przedszkole oferuje blok zaj\u0119\u0107 dodatkowych, dost\u0119pnych dla wszystkich dzieci<\/em><\/h4>\n\n\n\n<div style=\"height:30px\" aria-hidden=\"true\" class=\"wp-block-spacer\"><\/div>\n\n\n\n<div class=\"wp-block-group is-layout-grid wp-container-core-group-is-layout-148d70a5 wp-block-group-is-layout-grid\">\n<h3 class=\"wp-block-heading has-text-align-center\"><strong>Rytmika<\/strong><\/h3>\n\n\n\n<figure class=\"wp-block-image size-medium\"><a href=\"https:\/\/www.facebook.com\/przedszkole.gabin\" target=\"_blank\" rel=\" noreferrer noopener\"><img loading=\"lazy\" decoding=\"async\" width=\"300\" height=\"216\" src=\"https:\/\/przedszkole-gabin.edu.pl\/wp-content\/uploads\/2024\/11\/Rytmika-300x216.jpg\" alt=\"\" class=\"wp-image-586\" srcset=\"http:\/\/przedszkole-gabin.edu.pl\/wp-content\/uploads\/2024\/11\/Rytmika-300x216.jpg 300w, http:\/\/przedszkole-gabin.edu.pl\/wp-content\/uploads\/2024\/11\/Rytmika.jpg 330w\" sizes=\"auto, (max-width: 300px) 100vw, 300px\" \/><\/a><\/figure>\n<\/div>\n\n\n\n<div style=\"height:25px\" aria-hidden=\"true\" class=\"wp-block-spacer\"><\/div>\n\n\n\n<div class=\"wp-block-group is-layout-grid wp-container-core-group-is-layout-148d70a5 wp-block-group-is-layout-grid\">\n<h3 class=\"wp-block-heading has-text-align-center\"><strong>Zaj\u0119cia plastyczne<\/strong><\/h3>\n\n\n\n<figure class=\"wp-block-image size-medium\"><a href=\"https:\/\/www.facebook.com\/przedszkole.gabin\/photos\/pcb.6548361895204233\/6548300178543738\/\" target=\"_blank\" rel=\" noreferrer noopener\"><img loading=\"lazy\" decoding=\"async\" width=\"300\" height=\"206\" src=\"https:\/\/przedszkole-gabin.edu.pl\/wp-content\/uploads\/2024\/11\/Zajecia-plastyczne-1-300x206.jpg\" alt=\"\" class=\"wp-image-596\" srcset=\"http:\/\/przedszkole-gabin.edu.pl\/wp-content\/uploads\/2024\/11\/Zajecia-plastyczne-1-300x206.jpg 300w, http:\/\/przedszkole-gabin.edu.pl\/wp-content\/uploads\/2024\/11\/Zajecia-plastyczne-1.jpg 607w\" sizes=\"auto, (max-width: 300px) 100vw, 300px\" \/><\/a><\/figure>\n<\/div>\n\n\n\n<div style=\"height:25px\" aria-hidden=\"true\" class=\"wp-block-spacer\"><\/div>\n\n\n\n<div class=\"wp-block-group is-layout-grid wp-container-core-group-is-layout-148d70a5 wp-block-group-is-layout-grid\">\n<h3 class=\"wp-block-heading has-text-align-center\"><strong>Logorytmika<\/strong><\/h3>\n\n\n\n<figure class=\"wp-block-image size-medium\"><a href=\"https:\/\/www.facebook.com\/przedszkole.gabin\" target=\"_blank\" rel=\" noreferrer noopener\"><img loading=\"lazy\" decoding=\"async\" width=\"300\" height=\"211\" src=\"https:\/\/przedszkole-gabin.edu.pl\/wp-content\/uploads\/2024\/11\/Logorytmika-300x211.jpg\" alt=\"\" class=\"wp-image-593\" srcset=\"http:\/\/przedszkole-gabin.edu.pl\/wp-content\/uploads\/2024\/11\/Logorytmika-300x211.jpg 300w, http:\/\/przedszkole-gabin.edu.pl\/wp-content\/uploads\/2024\/11\/Logorytmika.jpg 330w\" sizes=\"auto, (max-width: 300px) 100vw, 300px\" \/><\/a><\/figure>\n<\/div>\n\n\n\n<div style=\"height:25px\" aria-hidden=\"true\" class=\"wp-block-spacer\"><\/div>\n\n\n\n<div class=\"wp-block-group is-layout-grid wp-container-core-group-is-layout-148d70a5 wp-block-group-is-layout-grid\">\n<h3 class=\"wp-block-heading has-text-align-center\"><strong>Zaj\u0119cia teatralne<\/strong><\/h3>\n\n\n\n<figure class=\"wp-block-image size-full\"><a href=\"https:\/\/www.facebook.com\/przedszkole.gabin\" target=\"_blank\" rel=\" noreferrer noopener\"><img loading=\"lazy\" decoding=\"async\" width=\"262\" height=\"193\" src=\"http:\/\/przedszkole-gabin.edu.pl\/wp-content\/uploads\/2024\/11\/Zajecia-teatralne.jpg\" alt=\"\" class=\"wp-image-594\"\/><\/a><\/figure>\n<\/div>\n\n\n\n<div style=\"height:25px\" aria-hidden=\"true\" class=\"wp-block-spacer\"><\/div>\n\n\n\n<div class=\"wp-block-group is-layout-grid wp-container-core-group-is-layout-148d70a5 wp-block-group-is-layout-grid\">\n<h3 class=\"wp-block-heading has-text-align-center\"><strong>Gimnastyka korekcyjna<\/strong><\/h3>\n\n\n\n<figure class=\"wp-block-image size-medium\"><a href=\"https:\/\/przedszkole-gabin.edu.pl\/?page_id=613\"><img loading=\"lazy\" decoding=\"async\" width=\"295\" height=\"300\" src=\"https:\/\/przedszkole-gabin.edu.pl\/wp-content\/uploads\/2024\/11\/Gimnastyka-korekcyjna-295x300.jpg\" alt=\"\" class=\"wp-image-595\" srcset=\"http:\/\/przedszkole-gabin.edu.pl\/wp-content\/uploads\/2024\/11\/Gimnastyka-korekcyjna-295x300.jpg 295w, http:\/\/przedszkole-gabin.edu.pl\/wp-content\/uploads\/2024\/11\/Gimnastyka-korekcyjna-60x60.jpg 60w, http:\/\/przedszkole-gabin.edu.pl\/wp-content\/uploads\/2024\/11\/Gimnastyka-korekcyjna.jpg 317w\" sizes=\"auto, (max-width: 295px) 100vw, 295px\" \/><\/a><\/figure>\n<\/div>\n\n\n\n<div style=\"height:25px\" aria-hidden=\"true\" class=\"wp-block-spacer\"><\/div>\n\n\n\n<div class=\"wp-block-group is-layout-grid wp-container-core-group-is-layout-148d70a5 wp-block-group-is-layout-grid\">\n<h3 class=\"wp-block-heading has-text-align-center\"><strong>Religia<\/strong><\/h3>\n\n\n\n<figure class=\"wp-block-image size-full\"><a href=\"https:\/\/www.facebook.com\/przedszkole.gabin\" target=\"_blank\" rel=\" noreferrer noopener\"><img loading=\"lazy\" decoding=\"async\" width=\"288\" height=\"175\" src=\"http:\/\/przedszkole-gabin.edu.pl\/wp-content\/uploads\/2024\/11\/Religia.jpg\" alt=\"\" class=\"wp-image-599\"\/><\/a><\/figure>\n<\/div>\n\n\n\n<div style=\"height:25px\" aria-hidden=\"true\" class=\"wp-block-spacer\"><\/div>\n\n\n\n<div class=\"wp-block-group is-layout-grid wp-container-core-group-is-layout-148d70a5 wp-block-group-is-layout-grid\">\n<h3 class=\"wp-block-heading has-text-align-center\"><strong>Zaj\u0119cia badawcze<\/strong><\/h3>\n\n\n\n<figure class=\"wp-block-image size-medium\"><a href=\"https:\/\/www.facebook.com\/przedszkole.gabin\/photos\/pcb.6524015004305589\/6524008254306264\/\" target=\"_blank\" rel=\" noreferrer noopener\"><img loading=\"lazy\" decoding=\"async\" width=\"296\" height=\"300\" src=\"https:\/\/przedszkole-gabin.edu.pl\/wp-content\/uploads\/2024\/11\/Zajecia-badawcze-1-296x300.jpg\" alt=\"\" class=\"wp-image-601\" style=\"object-fit:cover\" srcset=\"http:\/\/przedszkole-gabin.edu.pl\/wp-content\/uploads\/2024\/11\/Zajecia-badawcze-1-296x300.jpg 296w, http:\/\/przedszkole-gabin.edu.pl\/wp-content\/uploads\/2024\/11\/Zajecia-badawcze-1-60x60.jpg 60w, http:\/\/przedszkole-gabin.edu.pl\/wp-content\/uploads\/2024\/11\/Zajecia-badawcze-1.jpg 481w\" sizes=\"auto, (max-width: 296px) 100vw, 296px\" \/><\/a><\/figure>\n<\/div>\n\n\n\n<div style=\"height:25px\" aria-hidden=\"true\" class=\"wp-block-spacer\"><\/div>\n\n\n\n<div class=\"wp-block-group is-layout-grid wp-container-core-group-is-layout-148d70a5 wp-block-group-is-layout-grid\">\n<h3 class=\"wp-block-heading has-text-align-center\"><strong>Zaj\u0119cia taneczne<\/strong><\/h3>\n\n\n\n<figure class=\"wp-block-image size-full\"><a href=\"https:\/\/www.facebook.com\/przedszkole.gabin\" target=\"_blank\" rel=\" noreferrer noopener\"><img loading=\"lazy\" decoding=\"async\" width=\"211\" height=\"184\" src=\"http:\/\/przedszkole-gabin.edu.pl\/wp-content\/uploads\/2024\/11\/Zajecia-taneczne.jpg\" alt=\"\" class=\"wp-image-602\" style=\"object-fit:cover\"\/><\/a><\/figure>\n<\/div>\n\n\n\n<div style=\"height:25px\" aria-hidden=\"true\" class=\"wp-block-spacer\"><\/div>\n\n\n\n<div class=\"wp-block-group is-layout-grid wp-container-core-group-is-layout-148d70a5 wp-block-group-is-layout-grid\">\n<h3 class=\"wp-block-heading has-text-align-center\"><strong>Terapia r\u0119ki<\/strong><\/h3>\n\n\n\n<figure class=\"wp-block-image size-full\"><a href=\"https:\/\/www.facebook.com\/przedszkole.gabin\" target=\"_blank\" rel=\" noreferrer noopener\"><img loading=\"lazy\" decoding=\"async\" width=\"337\" height=\"157\" src=\"https:\/\/przedszkole-gabin.edu.pl\/wp-content\/uploads\/2024\/11\/Terapia-reki.jpg\" alt=\"\" class=\"wp-image-603\" srcset=\"http:\/\/przedszkole-gabin.edu.pl\/wp-content\/uploads\/2024\/11\/Terapia-reki.jpg 337w, http:\/\/przedszkole-gabin.edu.pl\/wp-content\/uploads\/2024\/11\/Terapia-reki-300x140.jpg 300w\" sizes=\"auto, (max-width: 337px) 100vw, 337px\" \/><\/a><\/figure>\n<\/div>\n\n\n\n<div style=\"height:25px\" aria-hidden=\"true\" class=\"wp-block-spacer\"><\/div>\n\n\n\n<div class=\"wp-block-group is-layout-grid wp-container-core-group-is-layout-148d70a5 wp-block-group-is-layout-grid\">\n<h3 class=\"wp-block-heading has-text-align-center\"><strong>Muzykoterapia<\/strong><\/h3>\n\n\n\n<figure class=\"wp-block-image size-full\"><a href=\"https:\/\/www.facebook.com\/przedszkole.gabin\" target=\"_blank\" rel=\" noreferrer noopener\"><img loading=\"lazy\" decoding=\"async\" width=\"224\" height=\"277\" src=\"https:\/\/przedszkole-gabin.edu.pl\/wp-content\/uploads\/2024\/11\/Muzykoterapia.jpg\" alt=\"\" class=\"wp-image-604\"\/><\/a><\/figure>\n<\/div>\n\n\n\n<div style=\"height:25px\" aria-hidden=\"true\" class=\"wp-block-spacer\"><\/div>\n\n\n\n<h2 class=\"wp-block-heading has-text-align-center\">Kliknij w obrazek aby dowiedzie\u0107 si\u0119 wi\u0119cej \ud83d\ude42<\/h2>\n","protected":false},"excerpt":{"rendered":"<p>Dbamy o wszechstronny rozw\u00f3j dzieci Bezp\u0142atne zaj\u0119cia dodatkowe naszym atutem!!! Opr\u00f3cz sta\u0142ych, codziennych zaj\u0119\u0107 edukacyjno-wychowawczych, przedszkole oferuje blok zaj\u0119\u0107 dodatkowych, dost\u0119pnych dla wszystkich dzieci Rytmika Zaj\u0119cia plastyczne Logorytmika Zaj\u0119cia teatralne Gimnastyka korekcyjna Religia Zaj\u0119cia badawcze Zaj\u0119cia taneczne Terapia r\u0119ki Muzykoterapia &hellip; <\/p>\n","protected":false},"author":1,"featured_media":0,"parent":19,"menu_order":9,"comment_status":"closed","ping_status":"closed","template":"","meta":{"footnotes":""},"class_list":["post-57","page","type-page","status-publish","hentry"],"_links":{"self":[{"href":"http:\/\/przedszkole-gabin.edu.pl\/index.php?rest_route=\/wp\/v2\/pages\/57","targetHints":{"allow":["GET"]}}],"collection":[{"href":"http:\/\/przedszkole-gabin.edu.pl\/index.php?rest_route=\/wp\/v2\/pages"}],"about":[{"href":"http:\/\/przedszkole-gabin.edu.pl\/index.php?rest_route=\/wp\/v2\/types\/page"}],"author":[{"embeddable":true,"href":"http:\/\/przedszkole-gabin.edu.pl\/index.php?rest_route=\/wp\/v2\/users\/1"}],"replies":[{"embeddable":true,"href":"http:\/\/przedszkole-gabin.edu.pl\/index.php?rest_route=%2Fwp%2Fv2%2Fcomments&post=57"}],"version-history":[{"count":19,"href":"http:\/\/przedszkole-gabin.edu.pl\/index.php?rest_route=\/wp\/v2\/pages\/57\/revisions"}],"predecessor-version":[{"id":622,"href":"http:\/\/przedszkole-gabin.edu.pl\/index.php?rest_route=\/wp\/v2\/pages\/57\/revisions\/622"}],"up":[{"embeddable":true,"href":"http:\/\/przedszkole-gabin.edu.pl\/index.php?rest_route=\/wp\/v2\/pages\/19"}],"wp:attachment":[{"href":"http:\/\/przedszkole-gabin.edu.pl\/index.php?rest_route=%2Fwp%2Fv2%2Fmedia&parent=57"}],"curies":[{"name":"wp","href":"https:\/\/api.w.org\/{rel}","templated":true}]}}