{"id":55,"date":"2024-10-12T15:01:33","date_gmt":"2024-10-12T13:01:33","guid":{"rendered":"https:\/\/przedszkole-gabin.edu.pl\/?page_id=55"},"modified":"2024-11-22T22:27:04","modified_gmt":"2024-11-22T21:27:04","slug":"oplaty","status":"publish","type":"page","link":"http:\/\/przedszkole-gabin.edu.pl\/?page_id=55","title":{"rendered":"Op\u0142aty"},"content":{"rendered":"\n<h3 class=\"wp-block-heading has-text-align-center\">Op\u0142aty za posi\u0142ki<\/h3>\n\n\n\n<p class=\"has-text-align-center\"><strong>Uwaga !<\/strong><\/p>\n\n\n\n<p class=\"has-text-align-center\"><strong>Zasady korzystania z bloku \u017cywieniowego oraz odp\u0142atno\u015bci za posi\u0142ki przygotowywane w bloku \u017cywieniowym przy Szkole Podstawowej w G\u0105binie<\/strong><\/p>\n\n\n\n<p>Ustala si\u0119 nast\u0119puj\u0105ce wysoko\u015bci op\u0142at za posi\u0142ki przygotowane w bloku \u017cywieniowym:<br>1) dla dzieci \u2013 \u015bniadania: 3,00 z\u0142, obiad: 5,00 z\u0142, podwieczorek: 2,00 z\u0142.<br>2) dla pracownik\u00f3w \u2013 obiad: 9,00 z\u0142,<br>Dopuszcza si\u0119, za zgod\u0105 Dyrektora Szko\u0142y i pod warunkiem zg\u0142oszenia tego faktu z wyprzedzeniem, kupowanie pojedynczych posi\u0142k\u00f3w. Dopuszcza si\u0119, za zgod\u0105 dyrektora jednostki, mo\u017cliwo\u015b\u0107 wykupu wy\u0142\u0105cznie zupy, kt\u00f3rej koszt stanowi 39% kosztu jednego pe\u0142nego posi\u0142ku. Korzystaj\u0105cy z posi\u0142k\u00f3w wp\u0142acaj\u0105 nale\u017cno\u015bci za posi\u0142ki za dany miesi\u0105c od 1 do 15 dnia ka\u017cdego miesi\u0105ca u intendenta w godzinach od 7.45-9.00. W przypadku nieobecno\u015bci, sto\u0142uj\u0105cemu przys\u0142uguje cz\u0119\u015bciowy zwrot op\u0142aty miesi\u0119cznej proporcjonalnie do liczby dni nieobecno\u015bci, pod warunkiem zg\u0142oszenia nieobecno\u015bci do godziny 8.20 w danym dniu. Je\u015bli nieobecno\u015b\u0107 zg\u0142oszona jest po godzinie 8.20 to jest nie liczona. Rodzice dzieci zg\u0142aszaj\u0105 osobi\u015bcie lub telefonicznie fakt nieobecno\u015bci dziecka do pokoju intendenta. Nale\u017cna kwota wpisywana jest do kwitariusza w bie\u017c\u0105cym miesi\u0105cu. Zwrotu op\u0142at dokonuje si\u0119 w formie odpisu z nale\u017cno\u015bci za posi\u0142ki w nast\u0119pnym miesi\u0105cu.<\/p>\n\n\n\n<h3 class=\"wp-block-heading has-text-align-center\">Op\u0142aty za przedszkole<\/h3>\n\n\n\n<p>Od 01.09.2013 obowi\u0105zuj\u0105 nowe stawki godzinowe za pobyt dziecka w przedszkolu:<\/p>\n\n\n\n<ul class=\"wp-block-list\">\n<li>W godzinach realizacji podstawy programowej tj.\u00a0<strong>8<sup>00<\/sup>\u00a0-13<sup>00<\/sup>\u00a0pobyt dziecka jest bezp\u0142atny ,<\/strong><strong>za pozosta\u0142e godziny [6<sup>00<\/sup>-8<sup>00<\/sup>\u00a0i 13<sup>00<\/sup>-17<sup>00<\/sup>]\u00a0<\/strong>pobytu dziecka na terenie plac\u00f3wki, rodzic wnosi op\u0142at\u0119\u00a01z\u0142 za ka\u017cd\u0105\u00a0dodatkow\u0105 godzin\u0119.<\/li>\n\n\n\n<li>Ka\u017cdorazowo rodzic\/opiekun powinien zg\u0142osi\u0107 si\u0119 do sekretariatu celem uzyskania informacji o wyliczonej kwocie p\u0142atno\u015bci.<\/li>\n\n\n\n<li>Odp\u0142atno\u015b\u0107 za us\u0142ugi przedszkola p\u0142atna\u00a0<strong>jest do\u00a015\u00a0dnia ka\u017cdego miesi\u0105ca<\/strong>.<\/li>\n<\/ul>\n\n\n\n<p>P\u0142atno\u015b\u0107 nale\u017cy regulowa\u0107 osobi\u015bcie w kasie Urz\u0119du Miasta i Gminy G\u0105bin lub za po\u015brednictwem konta bankowego.\u00a0<\/p>\n\n\n\n<p>Numer konta:\u00a0<strong>66 1020 3974 0000 5402 0117 0968<\/strong><\/p>\n\n\n\n<p>Tytu\u0142em:<strong> Op\u0142ata za pobyt dziecka w przedszkolu [wpisuj\u0105c imi\u0119 i nazwisko dziecka]<\/strong><\/p>\n\n\n\n<p>Do 15 dnia ka\u017cdego miesi\u0105ca rodzice\/opiekunowie maj\u0105 obowi\u0105zek uregulowa\u0107\u00a0<strong>op\u0142at\u0119 za posi\u0142ki.<\/strong><\/p>\n\n\n\n<p>W celu unikni\u0119cia naliczania op\u0142aty podczas nieobecno\u015bci dziecka\u00a0rodzic jest zobowi\u0105zany\u00a0poinformowa\u0107 intendentk\u0119 do godz. 8.20 osobi\u015bcie lub telefonicznie pod numerem telefonu:\u00a024 277 18 69. Ka\u017cd\u0105 zmian\u0119 posi\u0142k\u00f3w rodzic zg\u0142asza osobi\u015bcie do intendentki.<\/p>\n\n\n\n<p>Przedszkole mo\u017ce rozwi\u0105za\u0107 umow\u0119 bez wypowiedzenia, w przypadku powtarzaj\u0105cego si\u0119 nieterminowego regulowania nale\u017cno\u015bci b\u0105d\u017a ich nie uiszczenia przez dwa okresy p\u0142atno\u015bci, a tak\u017ce na podstawie\u00a0Umowy.<\/p>\n\n\n\n<p>W zwi\u0105zku z nowelizacj\u0105 Ustawy o dochodach jednostek samorz\u0105du terytorialnego, od 1 stycznia 2017 roku\u00a0zniesione zostaje pobieranie przez organ prowadz\u0105cy op\u0142at za pobyt dziecka w wieku 6 lat w publicznej plac\u00f3wce wychowania przedszkolnego.<\/p>\n","protected":false},"excerpt":{"rendered":"<p>Op\u0142aty za posi\u0142ki Uwaga ! Zasady korzystania z bloku \u017cywieniowego oraz odp\u0142atno\u015bci za posi\u0142ki przygotowywane w bloku \u017cywieniowym przy Szkole Podstawowej w G\u0105binie Ustala si\u0119 nast\u0119puj\u0105ce wysoko\u015bci op\u0142at za posi\u0142ki przygotowane w bloku \u017cywieniowym:1) dla dzieci \u2013 \u015bniadania: 3,00 z\u0142, &hellip; <\/p>\n","protected":false},"author":1,"featured_media":0,"parent":19,"menu_order":8,"comment_status":"closed","ping_status":"closed","template":"","meta":{"footnotes":""},"class_list":["post-55","page","type-page","status-publish","hentry"],"_links":{"self":[{"href":"http:\/\/przedszkole-gabin.edu.pl\/index.php?rest_route=\/wp\/v2\/pages\/55","targetHints":{"allow":["GET"]}}],"collection":[{"href":"http:\/\/przedszkole-gabin.edu.pl\/index.php?rest_route=\/wp\/v2\/pages"}],"about":[{"href":"http:\/\/przedszkole-gabin.edu.pl\/index.php?rest_route=\/wp\/v2\/types\/page"}],"author":[{"embeddable":true,"href":"http:\/\/przedszkole-gabin.edu.pl\/index.php?rest_route=\/wp\/v2\/users\/1"}],"replies":[{"embeddable":true,"href":"http:\/\/przedszkole-gabin.edu.pl\/index.php?rest_route=%2Fwp%2Fv2%2Fcomments&post=55"}],"version-history":[{"count":4,"href":"http:\/\/przedszkole-gabin.edu.pl\/index.php?rest_route=\/wp\/v2\/pages\/55\/revisions"}],"predecessor-version":[{"id":628,"href":"http:\/\/przedszkole-gabin.edu.pl\/index.php?rest_route=\/wp\/v2\/pages\/55\/revisions\/628"}],"up":[{"embeddable":true,"href":"http:\/\/przedszkole-gabin.edu.pl\/index.php?rest_route=\/wp\/v2\/pages\/19"}],"wp:attachment":[{"href":"http:\/\/przedszkole-gabin.edu.pl\/index.php?rest_route=%2Fwp%2Fv2%2Fmedia&parent=55"}],"curies":[{"name":"wp","href":"https:\/\/api.w.org\/{rel}","templated":true}]}}