{"id":43,"date":"2024-10-12T14:33:52","date_gmt":"2024-10-12T12:33:52","guid":{"rendered":"https:\/\/przedszkole-gabin.edu.pl\/?page_id=43"},"modified":"2025-05-20T12:50:46","modified_gmt":"2025-05-20T10:50:46","slug":"o-przedszkolu","status":"publish","type":"page","link":"http:\/\/przedszkole-gabin.edu.pl\/?page_id=43","title":{"rendered":"O przedszkolu"},"content":{"rendered":"\n<h3 class=\"wp-block-heading has-text-align-center\">Pozw\u00f3l swojemu dziecku cieszy\u0107 si\u0119 rado\u015bci\u0105 i beztrosk\u0105 dzieci\u0144stwa.<br>Zapisz je do Przedszkola Samorz\u0105dowego<br>im. Kr\u00f3la Maciusia Pierwszego w G\u0105binie<\/h3>\n\n\n\n<p>Chcemy by\u0107 Waszymi partnerami w procesie kszta\u0142towania osobowo\u015bci i wiedzy Waszych dzieci.<\/p>\n\n\n\n<p><strong>Baza i wyposa\u017cenie przedszkola<\/strong><br>Przedszkole zlokalizowane jest przy ul. Jana Paw\u0142a II 16. Mie\u015bci si\u0119 w pi\u0119knym, pi\u0119trowym budynku. Usytuowane jest w s\u0105siedztwie Szko\u0142y Muzycznej, Szko\u0142y Podstawowej . Teren jest wyj\u0105tkowo spokojny i bezpieczny. Atmosfera panuj\u0105ca w przedszkolu wywiera korzystny wp\u0142yw na rozw\u00f3j i zdrowie wychowank\u00f3w, staramy si\u0119 tworzy\u0107 drugi rodzinny dom dla naszych dzieci i ich rodzic\u00f3w. Organem prowadz\u0105cym przedszkole jest Urz\u0105d Miasta i Gminy w G\u0105binie.<\/p>\n\n\n\n<p><strong>Przedszkole czynne jest od godziny 6.00 do 17.00.<\/strong><\/p>\n\n\n\n<p>Przedszkole posiada du\u017ce i dobrze wyposa\u017cone sale, co sprzyja rozwojowi dziecka. Ca\u0142e zaplecze sanitarno-higieniczne odpowiada wymogom sprawnego funkcjonowania plac\u00f3wki.<\/p>\n\n\n\n<p><strong>Wykwalifikowana kadra pedagog\u00f3w dba o to, aby pobyt dzieci w plac\u00f3wce by\u0142 mi\u0142ym, beztroskim i niezapomnianym okresem w ich \u017cyciu.<\/strong><\/p>\n\n\n\n<p>Opiek\u0119 wychowawczo-dydaktyczno-opieku\u0144cz\u0105 realizuj\u0105 wysoko wykwalifikowane  nauczycielki ,kt\u00f3re   legitymuj\u0105  wykszta\u0142ceniem pedagogicznym w zakresie wychowania przedszkolnego. Nauczycielki znaj\u0105 potrzeby, mo\u017cliwo\u015bci i oczekiwania dzieci i ich \u015brodowisko rodzinne. Wykazuj\u0105 zaanga\u017cowanie i dba\u0142o\u015b\u0107 o ka\u017cdego wychowanka, umiej\u0119tnie obserwuj\u0105 i dokumentuj\u0105 post\u0119py w rozwoju dziecka. Wszystkie nauczycielki stale pog\u0142\u0119biaj\u0105 swoj\u0105 wiedz\u0119 na r\u00f3\u017cnego rodzaju kursach, szkoleniach, warsztatach.<\/p>\n\n\n\n<p>Warto tez doda\u0107, ze kadra niepedagogiczna to zesp\u00f3\u0142 zaanga\u017cowanych i oddanych plac\u00f3wce ludzi, kt\u00f3rzy znaj\u0105 specyfik\u0119 pracy z ma\u0142ymi dzie\u0107mi, doskonale radz\u0105 sobie z komunikacj\u0105 interpersonaln\u0105 i wykazuj\u0105 si\u0119 wysok\u0105 kultur\u0105 osobist\u0105.<\/p>\n\n\n\n<p>W przedszkolu przebywa 180 wychowank\u00f3w w wieku od 3 do 6 lat. Funkcjonuje 7 oddzia\u0142\u00f3w. Przedszkole cieszy si\u0119 dobr\u0105 opini\u0105 w\u015br\u00f3d rodzic\u00f3w, jego atuty to: \u017cyczliwa atmosfera sprzyjaj\u0105ca zabawie i pracy, wykwalifikowany personel wsp\u00f3\u0142odpowiedzialny za przedszkole i to co si\u0119 w nim dzieje, dba\u0142o\u015b\u0107 o wszechstronny rozw\u00f3j dziecka, atrakcyjne zaj\u0119cia, uroczysto\u015bci na wysokim poziomie artystycznym, zaj\u0119cia dodatkowe prowadzone przez dobrych instruktor\u00f3w, dyrektor sprawnie zarz\u0105dzaj\u0105cy i bardzo zaanga\u017cowany w \u017cycie przedszkola.<\/p>\n\n\n\n<p><strong>W naszym przedszkolu:<\/strong><\/p>\n\n\n\n<ul class=\"wp-block-list\">\n<li>preferujemy nowoczesne metody i formy pracy z dzie\u0107mi, zapewniaj\u0105ce wychowankom atrakcyjny, tw\u00f3rczy i aktywny spos\u00f3b na osi\u0105ganie sukces\u00f3w rozwojowych;<\/li>\n\n\n\n<li>wykorzystujemy r\u00f3\u017cnorodne programy w taki spos\u00f3b, aby uwzgl\u0119dnia\u0142y indywidualne mo\u017cliwo\u015bci i potrzeby rozwojowe, emocjonalne i spo\u0142eczne dzieci, aby sprawi\u0107 im jak najwi\u0119cej rado\u015bci z faktu przebywania z r\u00f3wie\u015bnikami w przedszkolu;<\/li>\n\n\n\n<li>zatrudniamy wysoko wykwalifikowan\u0105 kadr\u0119 pedagogiczn\u0105, kt\u00f3ra jako nadrz\u0119dny cel swojej pracy stawia na szcz\u0119\u015bcie i u\u015bmiech dziecka oraz trosk\u0119 o jego prawid\u0142owy rozw\u00f3j;<\/li>\n\n\n\n<li>posiadamy wygodne, funkcjonalne i estetyczne sale zabaw wyposa\u017cone w nowoczesne meble, k\u0105ciki zainteresowa\u0144 oraz atrakcyjne zabawki zach\u0119caj\u0105ce do swobodnej zabawy;<\/li>\n\n\n\n<li>oferujemy bogat\u0105 ofert\u0119 zaj\u0119\u0107 dodatkowych umo\u017cliwiaj\u0105cych rozw\u00f3j zainteresowa\u0144 i talent\u00f3w dzieci zgodnie z oczekiwaniami rodzic\u00f3w:\n<ul class=\"wp-block-list\">\n<li>rytmik\u0119<\/li>\n\n\n\n<li>gimnastyk\u0119 korekcyjn\u0105<\/li>\n\n\n\n<li>j\u0119zyk angielski<\/li>\n<\/ul>\n<\/li>\n\n\n\n<li>organizujemy wiele atrakcyjnych wycieczek;<\/li>\n\n\n\n<li>zapewniamy uczestnictwo dzieci w przedstawieniach teatralnych i koncertach muzycznych.<\/li>\n<\/ul>\n\n\n\n<p><strong>W naszych dzia\u0142aniach kierujemy si\u0119 nast\u0119puj\u0105cymi zasadami:<\/strong><\/p>\n\n\n\n<ul class=\"wp-block-list\">\n<li>zaspokajamy potrzeby dziecka,<\/li>\n\n\n\n<li>organizujemy jego aktywno\u015b\u0107,<\/li>\n\n\n\n<li>indywidualizujemy oddzia\u0142ywania w zale\u017cno\u015bci od potrzeb i mo\u017cliwo\u015bci dziecka,<\/li>\n\n\n\n<li>organizujemy \u015brodowisko umo\u017cliwiaj\u0105ce nabywanie kompetencji spo\u0142ecznych przez dziecko,<\/li>\n\n\n\n<li>integrujemy proces wychowania i edukacji.<\/li>\n<\/ul>\n\n\n\n<p><\/p>\n","protected":false},"excerpt":{"rendered":"<p>Pozw\u00f3l swojemu dziecku cieszy\u0107 si\u0119 rado\u015bci\u0105 i beztrosk\u0105 dzieci\u0144stwa.Zapisz je do Przedszkola Samorz\u0105dowegoim. Kr\u00f3la Maciusia Pierwszego w G\u0105binie Chcemy by\u0107 Waszymi partnerami w procesie kszta\u0142towania osobowo\u015bci i wiedzy Waszych dzieci. Baza i wyposa\u017cenie przedszkolaPrzedszkole zlokalizowane jest przy ul. Jana Paw\u0142a &hellip; <\/p>\n","protected":false},"author":1,"featured_media":0,"parent":19,"menu_order":0,"comment_status":"closed","ping_status":"closed","template":"","meta":{"footnotes":""},"class_list":["post-43","page","type-page","status-publish","hentry"],"_links":{"self":[{"href":"http:\/\/przedszkole-gabin.edu.pl\/index.php?rest_route=\/wp\/v2\/pages\/43","targetHints":{"allow":["GET"]}}],"collection":[{"href":"http:\/\/przedszkole-gabin.edu.pl\/index.php?rest_route=\/wp\/v2\/pages"}],"about":[{"href":"http:\/\/przedszkole-gabin.edu.pl\/index.php?rest_route=\/wp\/v2\/types\/page"}],"author":[{"embeddable":true,"href":"http:\/\/przedszkole-gabin.edu.pl\/index.php?rest_route=\/wp\/v2\/users\/1"}],"replies":[{"embeddable":true,"href":"http:\/\/przedszkole-gabin.edu.pl\/index.php?rest_route=%2Fwp%2Fv2%2Fcomments&post=43"}],"version-history":[{"count":5,"href":"http:\/\/przedszkole-gabin.edu.pl\/index.php?rest_route=\/wp\/v2\/pages\/43\/revisions"}],"predecessor-version":[{"id":1080,"href":"http:\/\/przedszkole-gabin.edu.pl\/index.php?rest_route=\/wp\/v2\/pages\/43\/revisions\/1080"}],"up":[{"embeddable":true,"href":"http:\/\/przedszkole-gabin.edu.pl\/index.php?rest_route=\/wp\/v2\/pages\/19"}],"wp:attachment":[{"href":"http:\/\/przedszkole-gabin.edu.pl\/index.php?rest_route=%2Fwp%2Fv2%2Fmedia&parent=43"}],"curies":[{"name":"wp","href":"https:\/\/api.w.org\/{rel}","templated":true}]}}