{"id":23,"date":"2024-10-10T00:45:21","date_gmt":"2024-10-09T22:45:21","guid":{"rendered":"https:\/\/przedszkole-gabin.edu.pl\/?page_id=23"},"modified":"2024-11-27T00:50:12","modified_gmt":"2024-11-26T23:50:12","slug":"kontakt","status":"publish","type":"page","link":"http:\/\/przedszkole-gabin.edu.pl\/?page_id=23","title":{"rendered":"Kontakt"},"content":{"rendered":"\n<p class=\"has-text-align-center\"><strong>Przedszkole Samorz\u0105dowe im. Kr\u00f3la Maciusia Pierwszego w G\u0105binie<\/strong><\/p>\n\n\n\n<p class=\"has-text-align-center\">ul. Jana Paw\u0142a II 16, 09-530 G\u0105bin<br>Tel: 24 277 10 27<br>E-mail: przedszkole@przedszkole-gabin.edu.pl<\/p>\n\n\n\n<div style=\"height:15px\" aria-hidden=\"true\" class=\"wp-block-spacer\"><\/div>\n\n\n\n<iframe src=\"https:\/\/www.google.com\/maps\/embed?pb=!1m14!1m8!1m3!1d2434.3900297847104!2d19.738262199223378!3d52.3996071004755!3m2!1i1024!2i768!4f13.1!3m3!1m2!1s0x471b8a3d396e0f09%3A0x6a52a9ac1963ff18!2sPrzedszkole%20Samorz%C4%85dowe%20im.%20Kr%C3%B3la%20Maciusia%20Pierwszego!5e0!3m2!1sen!2spl!4v1729110302977!5m2!1sen!2spl\" width=\"400\" height=\"400\" style=\"border:0;\" allowfullscreen=\"\" loading=\"lazy\" referrerpolicy=\"no-referrer-when-downgrade\"><\/iframe>\n\n\n\n<p><\/p>\n","protected":false},"excerpt":{"rendered":"<p>Przedszkole Samorz\u0105dowe im. Kr\u00f3la Maciusia Pierwszego w G\u0105binie ul. Jana Paw\u0142a II 16, 09-530 G\u0105binTel: 24 277 10 27E-mail: przedszkole@przedszkole-gabin.edu.pl<\/p>\n","protected":false},"author":1,"featured_media":0,"parent":0,"menu_order":0,"comment_status":"closed","ping_status":"closed","template":"","meta":{"footnotes":""},"class_list":["post-23","page","type-page","status-publish","hentry"],"_links":{"self":[{"href":"http:\/\/przedszkole-gabin.edu.pl\/index.php?rest_route=\/wp\/v2\/pages\/23","targetHints":{"allow":["GET"]}}],"collection":[{"href":"http:\/\/przedszkole-gabin.edu.pl\/index.php?rest_route=\/wp\/v2\/pages"}],"about":[{"href":"http:\/\/przedszkole-gabin.edu.pl\/index.php?rest_route=\/wp\/v2\/types\/page"}],"author":[{"embeddable":true,"href":"http:\/\/przedszkole-gabin.edu.pl\/index.php?rest_route=\/wp\/v2\/users\/1"}],"replies":[{"embeddable":true,"href":"http:\/\/przedszkole-gabin.edu.pl\/index.php?rest_route=%2Fwp%2Fv2%2Fcomments&post=23"}],"version-history":[{"count":3,"href":"http:\/\/przedszkole-gabin.edu.pl\/index.php?rest_route=\/wp\/v2\/pages\/23\/revisions"}],"predecessor-version":[{"id":779,"href":"http:\/\/przedszkole-gabin.edu.pl\/index.php?rest_route=\/wp\/v2\/pages\/23\/revisions\/779"}],"wp:attachment":[{"href":"http:\/\/przedszkole-gabin.edu.pl\/index.php?rest_route=%2Fwp%2Fv2%2Fmedia&parent=23"}],"curies":[{"name":"wp","href":"https:\/\/api.w.org\/{rel}","templated":true}]}}