{"id":195,"date":"2024-10-14T22:45:18","date_gmt":"2024-10-14T20:45:18","guid":{"rendered":"https:\/\/przedszkole-gabin.edu.pl\/?page_id=195"},"modified":"2024-11-26T23:55:45","modified_gmt":"2024-11-26T22:55:45","slug":"zabawy-z-jezykiem-angielskim","status":"publish","type":"page","link":"http:\/\/przedszkole-gabin.edu.pl\/?page_id=195","title":{"rendered":"Zabawy z j\u0119zykiem angielskim"},"content":{"rendered":"\n<p>Drodzy Rodzice, przesy\u0142am list\u0119 kana\u0142\u00f3w dotycz\u0105cych wczesnej nauki j\u0119zyka angielskiego. Zach\u0119cam do wsp\u00f3lnej zabawy.<\/p>\n\n\n\n<p class=\"has-text-align-right\"><em>Joanna Olczyk<\/em><\/p>\n\n\n\n<div style=\"height:30px\" aria-hidden=\"true\" class=\"wp-block-spacer\"><\/div>\n\n\n\n<ul class=\"wp-block-list\">\n<li><a href=\"https:\/\/www.squla.pl\/jezyk-angielski?gclid=Cj0KCQjwsYb0BRCOARIsAHbLPhGSeo83_pWuQiwb_6ixWXVVasqy68IBs4wjqvZWKq3nalLUnqt2wPcaAq9OEALw_wcB\" target=\"_blank\" rel=\"noreferrer noopener\">SQULA<\/a><\/li>\n\n\n\n<li><a href=\"https:\/\/supersimple.com\/\" target=\"_blank\" rel=\"noreferrer noopener\">SUPER SIMPLE<\/a><\/li>\n<\/ul>\n","protected":false},"excerpt":{"rendered":"<p>Drodzy Rodzice, przesy\u0142am list\u0119 kana\u0142\u00f3w dotycz\u0105cych wczesnej nauki j\u0119zyka angielskiego. Zach\u0119cam do wsp\u00f3lnej zabawy. Joanna Olczyk<\/p>\n","protected":false},"author":1,"featured_media":0,"parent":63,"menu_order":3,"comment_status":"closed","ping_status":"closed","template":"","meta":{"footnotes":""},"class_list":["post-195","page","type-page","status-publish","hentry"],"_links":{"self":[{"href":"http:\/\/przedszkole-gabin.edu.pl\/index.php?rest_route=\/wp\/v2\/pages\/195","targetHints":{"allow":["GET"]}}],"collection":[{"href":"http:\/\/przedszkole-gabin.edu.pl\/index.php?rest_route=\/wp\/v2\/pages"}],"about":[{"href":"http:\/\/przedszkole-gabin.edu.pl\/index.php?rest_route=\/wp\/v2\/types\/page"}],"author":[{"embeddable":true,"href":"http:\/\/przedszkole-gabin.edu.pl\/index.php?rest_route=\/wp\/v2\/users\/1"}],"replies":[{"embeddable":true,"href":"http:\/\/przedszkole-gabin.edu.pl\/index.php?rest_route=%2Fwp%2Fv2%2Fcomments&post=195"}],"version-history":[{"count":2,"href":"http:\/\/przedszkole-gabin.edu.pl\/index.php?rest_route=\/wp\/v2\/pages\/195\/revisions"}],"predecessor-version":[{"id":758,"href":"http:\/\/przedszkole-gabin.edu.pl\/index.php?rest_route=\/wp\/v2\/pages\/195\/revisions\/758"}],"up":[{"embeddable":true,"href":"http:\/\/przedszkole-gabin.edu.pl\/index.php?rest_route=\/wp\/v2\/pages\/63"}],"wp:attachment":[{"href":"http:\/\/przedszkole-gabin.edu.pl\/index.php?rest_route=%2Fwp%2Fv2%2Fmedia&parent=195"}],"curies":[{"name":"wp","href":"https:\/\/api.w.org\/{rel}","templated":true}]}}