{"id":14,"date":"2024-10-09T23:35:08","date_gmt":"2024-10-09T21:35:08","guid":{"rendered":"https:\/\/przedszkole-gabin.edu.pl\/?page_id=14"},"modified":"2025-05-20T14:53:51","modified_gmt":"2025-05-20T12:53:51","slug":"kacik-rodzicow","status":"publish","type":"page","link":"http:\/\/przedszkole-gabin.edu.pl\/?page_id=14","title":{"rendered":"K\u0105cik rodzic\u00f3w"},"content":{"rendered":"\n<div class=\"wp-block-columns is-layout-flex wp-container-core-columns-is-layout-9d6595d7 wp-block-columns-is-layout-flex\">\n<div class=\"wp-block-column is-layout-flow wp-block-column-is-layout-flow\" style=\"flex-basis:100%\"><ul class=\"wp-block-page-list\"><li class=\"wp-block-pages-list__item\"><a class=\"wp-block-pages-list__item__link\" href=\"http:\/\/przedszkole-gabin.edu.pl\/?page_id=69\">Dobry Start 300 z\u0142. dla ucznia<\/a><\/li><li class=\"wp-block-pages-list__item\"><a class=\"wp-block-pages-list__item__link\" href=\"http:\/\/przedszkole-gabin.edu.pl\/?page_id=71\">Wp\u0142yw telewizji na zabawy i rozw\u00f3j dzieci w wieku przedszkolnym<\/a><\/li><li class=\"wp-block-pages-list__item\"><a class=\"wp-block-pages-list__item__link\" href=\"http:\/\/przedszkole-gabin.edu.pl\/?page_id=73\">Wskaz\u00f3wki dla rodzic\u00f3w, jak post\u0119powa\u0107 z niejadkiem<\/a><\/li><li class=\"wp-block-pages-list__item\"><a class=\"wp-block-pages-list__item__link\" href=\"http:\/\/przedszkole-gabin.edu.pl\/?page_id=75\">&#8220;Wp\u0142yw mass \u2013 medi\u00f3w na wychowanie&#8221;<\/a><\/li><li class=\"wp-block-pages-list__item\"><a class=\"wp-block-pages-list__item__link\" href=\"http:\/\/przedszkole-gabin.edu.pl\/?page_id=77\">Trzy powody, dla kt\u00f3rych dzieci bywaj\u0105 \u201eniepos\u0142uszne\u201d i jak sobie z tym poradzi\u0107<\/a><\/li><li class=\"wp-block-pages-list__item\"><a class=\"wp-block-pages-list__item__link\" href=\"http:\/\/przedszkole-gabin.edu.pl\/?page_id=79\">Rozmawiaj ze swym dzieckiem &#8211; o roli rozmowy rodzic\u00f3w z dzie\u0107mi<\/a><\/li><li class=\"wp-block-pages-list__item\"><a class=\"wp-block-pages-list__item__link\" href=\"http:\/\/przedszkole-gabin.edu.pl\/?page_id=81\">Wielka moc bajek<\/a><\/li><li class=\"wp-block-pages-list__item\"><a class=\"wp-block-pages-list__item__link\" href=\"http:\/\/przedszkole-gabin.edu.pl\/?page_id=83\">Dlaczego nale\u017cy czyta\u0107 dzieciom ?<\/a><\/li><li class=\"wp-block-pages-list__item\"><a class=\"wp-block-pages-list__item__link\" href=\"http:\/\/przedszkole-gabin.edu.pl\/?page_id=85\">Jak m\u00f3wi\u0107, \u017ceby dzieci nas s\u0142ucha\u0142y<\/a><\/li><li class=\"wp-block-pages-list__item\"><a class=\"wp-block-pages-list__item__link\" href=\"http:\/\/przedszkole-gabin.edu.pl\/?page_id=88\">Jak nauczy\u0107 dziecko dbania o porz\u0105dek<\/a><\/li><li class=\"wp-block-pages-list__item\"><a class=\"wp-block-pages-list__item__link\" href=\"http:\/\/przedszkole-gabin.edu.pl\/?page_id=90\">Jak zach\u0119ci\u0107 dziecko do jedzenia warzyw ?<\/a><\/li><li class=\"wp-block-pages-list__item\"><a class=\"wp-block-pages-list__item__link\" href=\"http:\/\/przedszkole-gabin.edu.pl\/?page_id=92\">Technologie informacyjno-komunikacyjne a dziecko w wieku przedszkolnym &#8211; szanse i zagro\u017cenia<\/a><\/li><li class=\"wp-block-pages-list__item\"><a class=\"wp-block-pages-list__item__link\" href=\"http:\/\/przedszkole-gabin.edu.pl\/?page_id=94\">System motywowania w przedszkolu<\/a><\/li><li class=\"wp-block-pages-list__item\"><a class=\"wp-block-pages-list__item__link\" href=\"http:\/\/przedszkole-gabin.edu.pl\/?page_id=96\">Jak zach\u0119ci\u0107 dziecko do podejmowania samodzielnych dzia\u0142a\u0144 ?<\/a><\/li><li class=\"wp-block-pages-list__item\"><a class=\"wp-block-pages-list__item__link\" href=\"http:\/\/przedszkole-gabin.edu.pl\/?page_id=98\">Dojrza\u0142o\u015b\u0107 przedszkolna, czyli gotowo\u015b\u0107 do rozpocz\u0119cia nauki w szkole w zakresie umiej\u0119tno\u015bci spo\u0142ecznych<\/a><\/li><li class=\"wp-block-pages-list__item\"><a class=\"wp-block-pages-list__item__link\" href=\"http:\/\/przedszkole-gabin.edu.pl\/?page_id=100\">Metody pracy z dzieckiem w wieku przedszkolnym wykorzystuj\u0105ce terapeutyczne znaczenie ruchu<\/a><\/li><li class=\"wp-block-pages-list__item\"><a class=\"wp-block-pages-list__item__link\" href=\"http:\/\/przedszkole-gabin.edu.pl\/?page_id=102\">Dojrza\u0142o\u015b\u0107 przedszkolna czyli gotowo\u015b\u0107 do rozpocz\u0119cia nauki w szkole w zakresie wychowania zdrowotnego i kszta\u0142towania sprawno\u015bci ruchowej<\/a><\/li><li class=\"wp-block-pages-list__item\"><a class=\"wp-block-pages-list__item__link\" href=\"http:\/\/przedszkole-gabin.edu.pl\/?page_id=104\">Ustalenie gotowo\u015bci do podj\u0119cia nauki szkolnej przez starszych przedszkolak\u00f3w<\/a><\/li><li class=\"wp-block-pages-list__item\"><a class=\"wp-block-pages-list__item__link\" href=\"http:\/\/przedszkole-gabin.edu.pl\/?page_id=106\">O dojrza\u0142o\u015bci przedszkolnej<\/a><\/li><li class=\"wp-block-pages-list__item\"><a class=\"wp-block-pages-list__item__link\" href=\"http:\/\/przedszkole-gabin.edu.pl\/?page_id=108\">O zgubnych skutkach niezaspokojenia ruchu u dzieci<\/a><\/li><li class=\"wp-block-pages-list__item\"><a class=\"wp-block-pages-list__item__link\" href=\"http:\/\/przedszkole-gabin.edu.pl\/?page_id=110\">Kilka rad dla Rodzic\u00f3w<\/a><\/li><li class=\"wp-block-pages-list__item\"><a class=\"wp-block-pages-list__item__link\" href=\"http:\/\/przedszkole-gabin.edu.pl\/?page_id=112\">O potrzebie rozmawiania z dzie\u0107mi<\/a><\/li><li class=\"wp-block-pages-list__item\"><a class=\"wp-block-pages-list__item__link\" href=\"http:\/\/przedszkole-gabin.edu.pl\/?page_id=114\">Agresja dziecka w wieku przedszkolnym i sposoby jej eliminowania<\/a><\/li><li class=\"wp-block-pages-list__item\"><a class=\"wp-block-pages-list__item__link\" href=\"http:\/\/przedszkole-gabin.edu.pl\/?page_id=116\">Czy Twoje dziecko dojrza\u0142o do p\u00f3j\u015bcia do przedszkola ?<\/a><\/li><li class=\"wp-block-pages-list__item\"><a class=\"wp-block-pages-list__item__link\" href=\"http:\/\/przedszkole-gabin.edu.pl\/?page_id=118\">Kochani rodzice &#8211; Przypominamy zasady !<\/a><\/li><li class=\"wp-block-pages-list__item\"><a class=\"wp-block-pages-list__item__link\" href=\"http:\/\/przedszkole-gabin.edu.pl\/?page_id=120\">Dekalog rodzica<\/a><\/li><li class=\"wp-block-pages-list__item\"><a class=\"wp-block-pages-list__item__link\" href=\"http:\/\/przedszkole-gabin.edu.pl\/?page_id=122\">Mamo! Tato!<\/a><\/li><li class=\"wp-block-pages-list__item\"><a class=\"wp-block-pages-list__item__link\" href=\"http:\/\/przedszkole-gabin.edu.pl\/?page_id=124\">Nauka czytania<\/a><\/li><li class=\"wp-block-pages-list__item\"><a class=\"wp-block-pages-list__item__link\" href=\"http:\/\/przedszkole-gabin.edu.pl\/?page_id=128\">Wsp\u00f3\u0142praca z rodzicami<\/a><\/li><li class=\"wp-block-pages-list__item\"><a class=\"wp-block-pages-list__item__link\" href=\"http:\/\/przedszkole-gabin.edu.pl\/?page_id=130\">Idzie Ola\/Olek do przedszkola&#8230;<\/a><\/li><li class=\"wp-block-pages-list__item\"><a class=\"wp-block-pages-list__item__link\" href=\"http:\/\/przedszkole-gabin.edu.pl\/?page_id=132\">O sposobach zmniejszania stresu adaptacyjnego u dzieci<\/a><\/li><li class=\"wp-block-pages-list__item\"><a class=\"wp-block-pages-list__item__link\" href=\"http:\/\/przedszkole-gabin.edu.pl\/?page_id=134\">Pierwsze dni w przedszkolu<\/a><\/li><li class=\"wp-block-pages-list__item\"><a class=\"wp-block-pages-list__item__link\" href=\"http:\/\/przedszkole-gabin.edu.pl\/?page_id=136\">Poradnik dla Rodzic\u00f3w Przedszkolaka<\/a><\/li><li class=\"wp-block-pages-list__item\"><a class=\"wp-block-pages-list__item__link\" href=\"http:\/\/przedszkole-gabin.edu.pl\/?page_id=138\">Zdrowe dziecko w przedszkolu<\/a><\/li><\/ul><\/div>\n<\/div>\n","protected":false},"excerpt":{"rendered":"","protected":false},"author":1,"featured_media":0,"parent":0,"menu_order":0,"comment_status":"closed","ping_status":"closed","template":"","meta":{"footnotes":""},"class_list":["post-14","page","type-page","status-publish","hentry"],"_links":{"self":[{"href":"http:\/\/przedszkole-gabin.edu.pl\/index.php?rest_route=\/wp\/v2\/pages\/14","targetHints":{"allow":["GET"]}}],"collection":[{"href":"http:\/\/przedszkole-gabin.edu.pl\/index.php?rest_route=\/wp\/v2\/pages"}],"about":[{"href":"http:\/\/przedszkole-gabin.edu.pl\/index.php?rest_route=\/wp\/v2\/types\/page"}],"author":[{"embeddable":true,"href":"http:\/\/przedszkole-gabin.edu.pl\/index.php?rest_route=\/wp\/v2\/users\/1"}],"replies":[{"embeddable":true,"href":"http:\/\/przedszkole-gabin.edu.pl\/index.php?rest_route=%2Fwp%2Fv2%2Fcomments&post=14"}],"version-history":[{"count":3,"href":"http:\/\/przedszkole-gabin.edu.pl\/index.php?rest_route=\/wp\/v2\/pages\/14\/revisions"}],"predecessor-version":[{"id":1082,"href":"http:\/\/przedszkole-gabin.edu.pl\/index.php?rest_route=\/wp\/v2\/pages\/14\/revisions\/1082"}],"wp:attachment":[{"href":"http:\/\/przedszkole-gabin.edu.pl\/index.php?rest_route=%2Fwp%2Fv2%2Fmedia&parent=14"}],"curies":[{"name":"wp","href":"https:\/\/api.w.org\/{rel}","templated":true}]}}