{"id":128,"date":"2024-10-12T18:11:47","date_gmt":"2024-10-12T16:11:47","guid":{"rendered":"https:\/\/przedszkole-gabin.edu.pl\/?page_id=128"},"modified":"2024-11-26T23:07:21","modified_gmt":"2024-11-26T22:07:21","slug":"wspolpraca-z-rodzicami","status":"publish","type":"page","link":"http:\/\/przedszkole-gabin.edu.pl\/?page_id=128","title":{"rendered":"Wsp\u00f3\u0142praca z rodzicami"},"content":{"rendered":"\n<p>Zdajemy sobie spraw\u0119, jak wa\u017cny jest dla Pa\u0144stwa dobry kontakt z nauczycielem. Wymiana informacji na temat adaptacji i post\u0119p\u00f3w dziecka. Staramy si\u0119 wyj\u015b\u0107 naprzeciw Pa\u0144stwa oczekiwaniom i zapewni\u0107 jak najlepsze warunki takiej rozmowy. Codzienny kontakt z nauczycielem nie wystarcza, dlatego proponujemy Pa\u0144stwu cykl comiesi\u0119cznych spotka\u0144 indywidualnych, na kt\u00f3rych w mi\u0142ej atmosferze b\u0119d\u0105 mogli Pa\u0144stwo porozmawia\u0107 na temat dziecka.<\/p>\n\n\n\n<p>Rodzicom zapewniamy konsultacje z pedagogiem prowadz\u0105cym oraz pe\u0142n\u0105 informacj\u0119 na temat zachowania i osi\u0105gni\u0119\u0107 dziecka ka\u017cdego dnia pobytu u nas.<\/p>\n\n\n\n<p>Zaj\u0119cia wychowawczo &#8211; dydaktyczne prowadzone s\u0105 pod okiem specjalist\u00f3w &#8211; pedagog\u00f3w z wieloletnim do\u015bwiadczeniem w pracy z Dzie\u0107mi.<\/p>\n\n\n\n<p>Nasze przedszkole to grupa wykwalifikowanych nauczycieli pragn\u0105cych w spos\u00f3b odpowiedzialny i kreatywny, stworzy\u0107 przyjazn\u0105, rodzinn\u0105 atmosfer\u0119, zapewniaj\u0105c\u0105 dzieciom jak najlepsze warunki do wszechstronnego rozwoju w poczuciu bezpiecze\u0144stwa i akceptacji.<\/p>\n\n\n\n<p>Nasi nauczyciele stosuj\u0105 indywidualnie dobrane do Dzieci elementy nowatorskich program\u00f3w dydaktycznych oraz wiele znanych i sprawdzonych program\u00f3w autorskich. Zaj\u0119cia z dzie\u0107mi prowadz\u0105 w spos\u00f3b atrakcyjny, odpowiedni dla wieku i mo\u017cliwo\u015bci przedszkolak\u00f3w.<\/p>\n\n\n\n<p><strong>Wsp\u00f3\u0142praca z rodzicami:<\/strong><\/p>\n\n\n\n<ul class=\"wp-block-list\">\n<li>zebrania grupowe,<\/li>\n\n\n\n<li>spotkania integracyjne,<\/li>\n\n\n\n<li>warsztaty dla rodzic\u00f3w,<\/li>\n\n\n\n<li>zaj\u0119cia otwarte,<\/li>\n\n\n\n<li>uroczysto\u015bci przedszkolne,<\/li>\n\n\n\n<li>kontakty indywidualne,<\/li>\n\n\n\n<li>dzia\u0142alno\u015b\u0107 Rady Rodzic\u00f3w.<\/li>\n<\/ul>\n","protected":false},"excerpt":{"rendered":"<p>Zdajemy sobie spraw\u0119, jak wa\u017cny jest dla Pa\u0144stwa dobry kontakt z nauczycielem. Wymiana informacji na temat adaptacji i post\u0119p\u00f3w dziecka. Staramy si\u0119 wyj\u015b\u0107 naprzeciw Pa\u0144stwa oczekiwaniom i zapewni\u0107 jak najlepsze warunki takiej rozmowy. Codzienny kontakt z nauczycielem nie wystarcza, dlatego &hellip; <\/p>\n","protected":false},"author":1,"featured_media":0,"parent":14,"menu_order":34,"comment_status":"closed","ping_status":"closed","template":"","meta":{"footnotes":""},"class_list":["post-128","page","type-page","status-publish","hentry"],"_links":{"self":[{"href":"http:\/\/przedszkole-gabin.edu.pl\/index.php?rest_route=\/wp\/v2\/pages\/128","targetHints":{"allow":["GET"]}}],"collection":[{"href":"http:\/\/przedszkole-gabin.edu.pl\/index.php?rest_route=\/wp\/v2\/pages"}],"about":[{"href":"http:\/\/przedszkole-gabin.edu.pl\/index.php?rest_route=\/wp\/v2\/types\/page"}],"author":[{"embeddable":true,"href":"http:\/\/przedszkole-gabin.edu.pl\/index.php?rest_route=\/wp\/v2\/users\/1"}],"replies":[{"embeddable":true,"href":"http:\/\/przedszkole-gabin.edu.pl\/index.php?rest_route=%2Fwp%2Fv2%2Fcomments&post=128"}],"version-history":[{"count":2,"href":"http:\/\/przedszkole-gabin.edu.pl\/index.php?rest_route=\/wp\/v2\/pages\/128\/revisions"}],"predecessor-version":[{"id":742,"href":"http:\/\/przedszkole-gabin.edu.pl\/index.php?rest_route=\/wp\/v2\/pages\/128\/revisions\/742"}],"up":[{"embeddable":true,"href":"http:\/\/przedszkole-gabin.edu.pl\/index.php?rest_route=\/wp\/v2\/pages\/14"}],"wp:attachment":[{"href":"http:\/\/przedszkole-gabin.edu.pl\/index.php?rest_route=%2Fwp%2Fv2%2Fmedia&parent=128"}],"curies":[{"name":"wp","href":"https:\/\/api.w.org\/{rel}","templated":true}]}}