{"id":122,"date":"2024-10-12T18:09:23","date_gmt":"2024-10-12T16:09:23","guid":{"rendered":"https:\/\/przedszkole-gabin.edu.pl\/?page_id=122"},"modified":"2024-11-26T23:00:09","modified_gmt":"2024-11-26T22:00:09","slug":"mamo-tato","status":"publish","type":"page","link":"http:\/\/przedszkole-gabin.edu.pl\/?page_id=122","title":{"rendered":"Mamo! Tato!"},"content":{"rendered":"\n<h3 class=\"wp-block-heading has-text-align-center\">Rodzina to moje najwa\u017cniejsze miejsce na ziemi.<\/h3>\n\n\n\n<div style=\"height:20px\" aria-hidden=\"true\" class=\"wp-block-spacer\"><\/div>\n\n\n\n<ol class=\"wp-block-list\">\n<li><strong>B\u0105d\u017acie stanowczy.<\/strong><br>W\u0142a\u015bnie tego potrzebuj\u0119 \u2013 poczucia bezpiecze\u0144stwa.<\/li>\n\n\n\n<li><strong>Nie psujcie mnie.<\/strong><br>Dobrze wiem, \u017ce nie powinienem mie\u0107 wszystkiego, czego si\u0119 domagam. To tylko pr\u00f3ba si\u0142 z mojej strony.<\/li>\n\n\n\n<li><strong>Zwracajcie uwag\u0119 na moje z\u0142e nawyki.<\/strong><br>Tylko Wy pomo\u017cecie mi zwalcza\u0107 z\u0142o, p\u00f3ki to jeszcze mo\u017cliwe.<\/li>\n\n\n\n<li><strong>Pozw\u00f3lcie mi do\u015bwiadcza\u0107 konsekwencji zachowa\u0144.<\/strong><br>Czasem dobrze jest nauczy\u0107 si\u0119 rzeczy bolesnych i nieprzyjemnych.<\/li>\n\n\n\n<li><strong>Nie zrz\u0119d\u017acie.<\/strong><br>W przeciwnym razie musz\u0119 si\u0119 przed Wami broni\u0107 i robi\u0119 si\u0119 g\u0142uchy.<\/li>\n\n\n\n<li><strong>Dotrzymujcie danego s\u0142owa.<\/strong><br>Czuj\u0119 si\u0119 przera\u017aliwie zawiedziony, kiedy nic z obietnic nie wychodzi.<\/li>\n\n\n\n<li><strong>B\u0105d\u017acie konsekwentni.<\/strong><br>Gdy brak Wam konsekwencji \u2013 trac\u0119 w Was wiar\u0119.<\/li>\n\n\n\n<li><strong>Wys\u0142uchajcie mnie, gdy dr\u0119cz\u0119 Was pytaniami.<\/strong><br>Je\u015bli b\u0119dziecie mnie odtr\u0105ca\u0107, to zamiast prosi\u0107 Was o wyja\u015bnienie poszukam go gdzie indziej.<\/li>\n\n\n\n<li><strong>Akceptujcie moje l\u0119ki i obawy.<\/strong><br>Nie wmawiajcie mi, \u017ce one s\u0105 g\u0142upie. One po prostu s\u0105.<\/li>\n\n\n\n<li><strong>B\u0105d\u017acie sob\u0105.<\/strong><br>Nie r\u00f3bcie z siebie idea\u0142\u00f3w, gdy\u017c prawda na Wasz temat mog\u0142aby by\u0107 w przysz\u0142o\u015bci nie do zniesienia.<\/li>\n\n\n\n<li><strong>Pami\u0119tajcie, \u017ce uwielbiam eksperymenty.<\/strong><br>Jestem ciekawy \u015bwiata. To po prostu m\u00f3j spos\u00f3b na \u017cycie.<\/li>\n\n\n\n<li><strong>Zawsze okazujcie mi mi\u0142o\u015b\u0107.<\/strong><\/li>\n<\/ol>\n","protected":false},"excerpt":{"rendered":"<p>Rodzina to moje najwa\u017cniejsze miejsce na ziemi.<\/p>\n","protected":false},"author":1,"featured_media":0,"parent":14,"menu_order":31,"comment_status":"closed","ping_status":"closed","template":"","meta":{"footnotes":""},"class_list":["post-122","page","type-page","status-publish","hentry"],"_links":{"self":[{"href":"http:\/\/przedszkole-gabin.edu.pl\/index.php?rest_route=\/wp\/v2\/pages\/122","targetHints":{"allow":["GET"]}}],"collection":[{"href":"http:\/\/przedszkole-gabin.edu.pl\/index.php?rest_route=\/wp\/v2\/pages"}],"about":[{"href":"http:\/\/przedszkole-gabin.edu.pl\/index.php?rest_route=\/wp\/v2\/types\/page"}],"author":[{"embeddable":true,"href":"http:\/\/przedszkole-gabin.edu.pl\/index.php?rest_route=\/wp\/v2\/users\/1"}],"replies":[{"embeddable":true,"href":"http:\/\/przedszkole-gabin.edu.pl\/index.php?rest_route=%2Fwp%2Fv2%2Fcomments&post=122"}],"version-history":[{"count":3,"href":"http:\/\/przedszkole-gabin.edu.pl\/index.php?rest_route=\/wp\/v2\/pages\/122\/revisions"}],"predecessor-version":[{"id":739,"href":"http:\/\/przedszkole-gabin.edu.pl\/index.php?rest_route=\/wp\/v2\/pages\/122\/revisions\/739"}],"up":[{"embeddable":true,"href":"http:\/\/przedszkole-gabin.edu.pl\/index.php?rest_route=\/wp\/v2\/pages\/14"}],"wp:attachment":[{"href":"http:\/\/przedszkole-gabin.edu.pl\/index.php?rest_route=%2Fwp%2Fv2%2Fmedia&parent=122"}],"curies":[{"name":"wp","href":"https:\/\/api.w.org\/{rel}","templated":true}]}}